{"id":65471,"date":"2025-07-13T22:06:37","date_gmt":"2025-07-13T21:06:37","guid":{"rendered":"https:\/\/theparishtrust.org.uk\/shop\/uncategorized\/the-parish-trust-youth-residential-25-hoodie-limited-edition\/"},"modified":"2025-09-05T09:24:19","modified_gmt":"2025-09-05T08:24:19","slug":"the-parish-trust-youth-residential-25-hoodie-limited-edition","status":"publish","type":"product","link":"https:\/\/theparishtrust.org.uk\/cy\/shop\/dillad\/the-parish-trust-youth-residential-25-hoodie-limited-edition\/","title":{"rendered":"Hwdi Preswyl Ieuenctid Ymddiriedolaeth y Plwyf &#8217;25 | Rhifyn Cyfyngedig"},"content":{"rendered":"<div>\n<h3><strong>Hwdi Preswyl Ieuenctid Ymddiriedolaeth y Plwyf &#8217;25<\/strong><\/h3>\n<p><strong>Marciwch yr atgof. Gwisgwch yr eiliad. <\/strong><\/p>\n<p>Dyma hwdi swyddogol Penwythnos Preswyl Ieuenctid Ymddiriedolaeth y Plwyf 2025 \u2014 dyluniad beiddgar, minimalaidd sy&#8217;n dal ysbryd ein penwythnos bythgofiadwy yn <strong>Sir Benfro<\/strong> .<\/p>\n<p><\/p>\n<p>Mae&#8217;r cefn yn cynnwys dyluniad clir gyda chyfesurynnau GPS (51.644801, -4.77636) yn nodi&#8217;r union fan lle gwnaed atgofion.<\/p>\n<p><\/p>\n<p><strong>Manylion:<\/strong><\/p>\n<ul>\n<li>\n<p>Graffeg \u201cYOUTH RES \/\/ 25\u201d gyda phin lleoliad union y lle rydym yn aros ynddo<\/p>\n<\/li>\n<li>\n<p>Ffabrig meddal, trwm sy&#8217;n ddelfrydol ar gyfer nosweithiau oer ym mis Hydref<\/p>\n<\/li>\n<li>\n<p>Ffit modern gyda chysur parhaol<\/p>\n<\/li>\n<li>\n<p>Wedi&#8217;i gynllunio&#8217;n arbennig ar gyfer Ymddiriedolaeth y Plwyf<\/p>\n<\/li>\n<\/ul>\n<p>P&#8217;un a ydych chi&#8217;n \u00f4l adref neu&#8217;n breuddwydio am y tonnau a&#8217;r awyr eang, mae&#8217;r hwdi hwn yn cadw&#8217;r foment yn agos &#8211; ble bynnag yr ewch chi.<\/p>\n<\/div>\n<ul>\n<li>Cyfansoddiad y Ffabrig: 80% cotwm wedi&#8217;i nyddu \u00e2 modrwy, 20% polyester<\/li>\n<li>Pwysau&#8217;r Ffabrig: 8.4 owns\/Yd sgw\u00e2r<\/li>\n<li>Dyluniad a Chysur: Tu mewn cyfforddus, wedi&#8217;i frwsio gydag wyneb cotwm 100% wedi&#8217;i nyddu \u00e2 modrwy<\/li>\n<li>Eco-gyfeillgar: Llifynnau effaith isel ardystiedig OEKO-TEX<\/li>\n<li>Cwfl a Phocedi: Cwfl wedi&#8217;i leinio \u00e2 siersi (dim llinynnau tynnu), poced cwdyn<\/li>\n<li>Ffit ac Arddull: Ffit clasurol, corff di-dor<\/li>\n<li>Cynaliadwyedd: Partneru \u00e2 Better Cotton, Cydymffurfio \u00e2 Label Olrhain CPSIA<\/li>\n<\/ul>\n<p><strong>Canllaw maint<\/strong><\/p>\n<table>\n<tr>\n<td> <\/td>\n<td><strong>XS<\/strong><\/td>\n<td><strong>S<\/strong><\/td>\n<td><strong>M<\/strong><\/td>\n<td><strong>L<\/strong><\/td>\n<td><strong>XL<\/strong><\/td>\n<\/tr>\n<tr>\n<td><strong>A) Hyd (cm)<\/strong><\/td>\n<td>50.2<\/td>\n<td>54<\/td>\n<td>57.2<\/td>\n<td>61<\/td>\n<td>64.8<\/td>\n<\/tr>\n<tr>\n<td><strong>B) Lled (cm)<\/strong><\/td>\n<td>81.2<\/td>\n<td>86.4<\/td>\n<td>91.4<\/td>\n<td>96.6<\/td>\n<td>101.6<\/td>\n<\/tr>\n<tr>\n<td><strong>B) Hanner y Frest (cm)<\/strong><\/td>\n<td>40.6<\/td>\n<td>43.2<\/td>\n<td>45.7<\/td>\n<td>48.3<\/td>\n<td>50.8<\/td>\n<\/tr>\n<tr>\n<td><strong>C) Hyd y Llawes (cm)<\/strong><\/td>\n<td>59.7<\/td>\n<td>67.3<\/td>\n<td>70.5<\/td>\n<td>76.8<\/td>\n<td>83.8<\/td>\n<\/tr>\n<\/table>\n<table>\n<tr>\n<td> <\/td>\n<td><strong>XS<\/strong><\/td>\n<td><strong>S<\/strong><\/td>\n<td><strong>M<\/strong><\/td>\n<td><strong>L<\/strong><\/td>\n<td><strong>XL<\/strong><\/td>\n<\/tr>\n<tr>\n<td><strong>A) Hyd (modfeddi)<\/strong><\/td>\n<td>19.8<\/td>\n<td>21.3<\/td>\n<td>22.5<\/td>\n<td>24<\/td>\n<td>25.5<\/td>\n<\/tr>\n<tr>\n<td><strong>B) Lled (modfeddi)<\/strong><\/td>\n<td>32<\/td>\n<td>34<\/td>\n<td>36<\/td>\n<td>38<\/td>\n<td>40<\/td>\n<\/tr>\n<tr>\n<td><strong>B) Hanner y Frest (modfeddi)<\/strong><\/td>\n<td>16<\/td>\n<td>17<\/td>\n<td>18<\/td>\n<td>19<\/td>\n<td>20<\/td>\n<\/tr>\n<tr>\n<td><strong>C) Hyd y Llawes (modfeddi)<\/strong><\/td>\n<td>23.5<\/td>\n<td>26.5<\/td>\n<td>27.8<\/td>\n<td>30.2<\/td>\n<td>33<\/td>\n<\/tr>\n<\/table>\n<p><strong>Cyfarwyddiadau Gofal<\/strong><\/p>\n<table>\n<tr>\n<td>Golchi<\/td>\n<td>\n<p>Golchwch yn ysgafn \u00e2 pheiriant neu \u00e2 llaw mewn d\u0175r oer gyda glanedydd ysgafn<\/p>\n<\/td>\n<\/tr>\n<tr>\n<td>Sych<\/td>\n<td>\n<p>Sychwch mewn sychwr ar wres isel neu sychwch mewn hongian, osgoi gwres uchel<\/p>\n<\/td>\n<\/tr>\n<tr>\n<td>Haearn<\/td>\n<td>\n<p>Gosod gwres isel os oes angen, osgoi cyswllt uniongyrchol \u00e2&#8217;r ffabrig<\/p>\n<\/td>\n<\/tr>\n<tr>\n<td>Siop<\/td>\n<td>\n<p>Cadwch mewn lle oer, sych i ffwrdd o olau haul uniongyrchol<\/p>\n<\/td>\n<\/tr>\n<\/table>\n","protected":false},"excerpt":{"rendered":"<p>Hwdi Preswyl Ieuenctid Ymddiriedolaeth y Plwyf &#8217;25 Marciwch yr atgof. Gwisgwch yr eiliad. Dyma hwdi swyddogol Penwythnos Preswyl Ieuenctid Ymddiriedolaeth y Plwyf 2025 \u2014 dyluniad beiddgar, minimalaidd sy&#8217;n dal ysbryd ein penwythnos bythgofiadwy yn Sir Benfro . Mae&#8217;r cefn yn cynnwys dyluniad clir gyda chyfesurynnau GPS (51.644801, -4.77636) yn nodi&#8217;r union fan lle gwnaed atgofion. [&hellip;]<\/p>\n","protected":false},"featured_media":66622,"comment_status":"open","ping_status":"closed","template":"","meta":{"give_campaign_id":0},"product_brand":[],"product_cat":[1044,528],"product_tag":[1043],"class_list":{"0":"post-65471","1":"product","2":"type-product","3":"status-publish","4":"has-post-thumbnail","6":"product_cat-dillad","7":"product_cat-nwyddau","8":"product_tag-hwdis","10":"first","11":"instock","12":"featured","13":"shipping-taxable","14":"purchasable","15":"product-type-variable"},"jetpack_sharing_enabled":true,"_links":{"self":[{"href":"https:\/\/theparishtrust.org.uk\/cy\/wp-json\/wp\/v2\/product\/65471","targetHints":{"allow":["GET"]}}],"collection":[{"href":"https:\/\/theparishtrust.org.uk\/cy\/wp-json\/wp\/v2\/product"}],"about":[{"href":"https:\/\/theparishtrust.org.uk\/cy\/wp-json\/wp\/v2\/types\/product"}],"replies":[{"embeddable":true,"href":"https:\/\/theparishtrust.org.uk\/cy\/wp-json\/wp\/v2\/comments?post=65471"}],"wp:featuredmedia":[{"embeddable":true,"href":"https:\/\/theparishtrust.org.uk\/cy\/wp-json\/wp\/v2\/media\/66622"}],"wp:attachment":[{"href":"https:\/\/theparishtrust.org.uk\/cy\/wp-json\/wp\/v2\/media?parent=65471"}],"wp:term":[{"taxonomy":"product_brand","embeddable":true,"href":"https:\/\/theparishtrust.org.uk\/cy\/wp-json\/wp\/v2\/product_brand?post=65471"},{"taxonomy":"product_cat","embeddable":true,"href":"https:\/\/theparishtrust.org.uk\/cy\/wp-json\/wp\/v2\/product_cat?post=65471"},{"taxonomy":"product_tag","embeddable":true,"href":"https:\/\/theparishtrust.org.uk\/cy\/wp-json\/wp\/v2\/product_tag?post=65471"}],"curies":[{"name":"wp","href":"https:\/\/api.w.org\/{rel}","templated":true}]}}