{"id":33136,"date":"2020-07-15T10:51:32","date_gmt":"2020-07-15T09:51:32","guid":{"rendered":"https:\/\/theparishtrust.org.uk\/shop\/uncategorized\/tanwydd-enaid\/"},"modified":"2024-11-14T15:12:52","modified_gmt":"2024-11-14T15:12:52","slug":"enaid-danwydd","status":"publish","type":"product","link":"https:\/\/theparishtrust.org.uk\/cy\/shop\/llyfrau\/defosiynol\/enaid-danwydd\/","title":{"rendered":"Tanwydd Enaid"},"content":{"rendered":"<p>Mae\u2019r awdur poblogaidd Bear Grylls wedi goroesi damwain barasiwt a gwympodd yn rhydd a\u2019i gadawodd \u00e2\u2019i gefn wedi torri, ac o bosibl yn methu \u00e2 cherdded eto; disgyn i lawr mynydd yn y Rockies, torri bys yn y jyngl Fietnam, ysgwydd wedi torri yn Antarctica. Pasiodd yr hyfforddiant caled i ymuno \u00e2\u2019r SAS, croesodd Ogledd yr Iwerydd mewn cwch gwynt agored, a chynhaliodd y parti cinio ffurfiol awyr agored uchaf erioed, mewn bal\u0175n 25,000 troedfedd. Ond y peth anoddaf a gafodd erioed, meddai, yw marwolaeth ei dad. Yna, yn 25 oed, y daeth o hyd i&#8217;r hyn y mae&#8217;n ei ddisgrifio mewn cyfweliad \u00e2&#8217;r Telegraph fel &#8216;ffydd dawel hyfryd iawn sydd wedi bod yn beth pwerus yn ein bywydau&#8217;. Fel yr ysgrifennodd yn y cylchgrawn GQ, &#8216;Nid yw ffydd yn golygu bod yn rhaid i chi fod yn arbennig o &#8220;grefyddol&#8221;. Ond, yn gryno, mae fy ffydd yn dweud wrthyf fy mod yn hysbys, fy mod yn ddiogel a&#8217;m bod yn cael fy ngharu &#8211; waeth beth fo&#8217;r stormydd y caf fy hun ynddynt o bryd i&#8217;w gilydd, ni waeth pa mor aml y byddaf yn cwympo ac yn methu.&#8217; Am y tro cyntaf, yn y llyfr agored, dewr a gonest hwn, mae Arth yn datgelu\u2019r ysbrydoliaeth sy\u2019n ei helpu i sefyll yn gryf a dod o hyd i heddwch bob dydd. Mae&#8217;r darlleniadau dyddiol hyn &#8211; sy&#8217;n archwilio them\u00e2u cyfeillgarwch, methiant, dewrder, risg, a llawer mwy &#8211; yn dangos i ni i gyd sut i wynebu bob dydd \u00e2 phwrpas a ph\u0175er. &#8216;Byddwch yn ddewr. Cofleidiwch ffydd ble bynnag y dewch o hyd iddi. Nid oes gennych ddim i&#8217;w golli a phopeth i&#8217;w ennill.&#8217;<\/p>\n","protected":false},"excerpt":{"rendered":"<p>Mae\u2019r awdur poblogaidd Bear Grylls wedi goroesi damwain barasiwt a gwympodd yn rhydd a\u2019i gadawodd \u00e2\u2019i gefn wedi torri, ac o bosibl yn methu \u00e2 cherdded eto; disgyn i lawr mynydd yn y Rockies, torri bys yn y jyngl Fietnam, ysgwydd wedi torri yn Antarctica. Pasiodd yr hyfforddiant caled i ymuno \u00e2\u2019r SAS, croesodd Ogledd [&hellip;]<\/p>\n","protected":false},"featured_media":60520,"comment_status":"open","ping_status":"closed","template":"","meta":{"give_campaign_id":0},"product_brand":[],"product_cat":[527],"product_tag":[],"class_list":{"0":"post-33136","1":"product","2":"type-product","3":"status-publish","4":"has-post-thumbnail","6":"product_cat-defosiynol","8":"first","9":"outofstock","10":"shipping-taxable","11":"purchasable","12":"product-type-simple"},"jetpack_sharing_enabled":true,"_links":{"self":[{"href":"https:\/\/theparishtrust.org.uk\/cy\/wp-json\/wp\/v2\/product\/33136","targetHints":{"allow":["GET"]}}],"collection":[{"href":"https:\/\/theparishtrust.org.uk\/cy\/wp-json\/wp\/v2\/product"}],"about":[{"href":"https:\/\/theparishtrust.org.uk\/cy\/wp-json\/wp\/v2\/types\/product"}],"replies":[{"embeddable":true,"href":"https:\/\/theparishtrust.org.uk\/cy\/wp-json\/wp\/v2\/comments?post=33136"}],"wp:featuredmedia":[{"embeddable":true,"href":"https:\/\/theparishtrust.org.uk\/cy\/wp-json\/wp\/v2\/media\/60520"}],"wp:attachment":[{"href":"https:\/\/theparishtrust.org.uk\/cy\/wp-json\/wp\/v2\/media?parent=33136"}],"wp:term":[{"taxonomy":"product_brand","embeddable":true,"href":"https:\/\/theparishtrust.org.uk\/cy\/wp-json\/wp\/v2\/product_brand?post=33136"},{"taxonomy":"product_cat","embeddable":true,"href":"https:\/\/theparishtrust.org.uk\/cy\/wp-json\/wp\/v2\/product_cat?post=33136"},{"taxonomy":"product_tag","embeddable":true,"href":"https:\/\/theparishtrust.org.uk\/cy\/wp-json\/wp\/v2\/product_tag?post=33136"}],"curies":[{"name":"wp","href":"https:\/\/api.w.org\/{rel}","templated":true}]}}