{"id":33124,"date":"2020-07-12T19:20:06","date_gmt":"2020-07-12T18:20:06","guid":{"rendered":"https:\/\/theparishtrust.org.uk\/shop\/uncategorized\/bod-yn-chth-gwell\/"},"modified":"2023-08-29T08:21:39","modified_gmt":"2023-08-29T07:21:39","slug":"bod-yn-gwell-pcc","status":"publish","type":"product","link":"https:\/\/theparishtrust.org.uk\/cy\/shop\/llyfrau\/eglwys\/bod-yn-gwell-pcc\/","title":{"rendered":"Bod yn CHTh Gwell"},"content":{"rendered":"<p>Wedi&#8217;i ysgrifennu gan gyn-archddiacon, dyma ganllaw cryno amhrisiadwy i waith Comisiynwyr yr Heddlu a Throseddu a chyfrifoldebau wardeniaid eglwys. Tra o ddiddordeb a chymorth i holl aelodau Cyngor Plwyf Eglwysig a hyd yn oed wardeniaid eglwys profiadol, bydd y canllaw o gymorth arbennig i\u2019r rhai sydd newydd eu penodi. Wedi&#8217;i nodi mewn adrannau clir, mae&#8217;r Canllaw yn darparu gwybodaeth nid yn unig am hanes Comisiynwyr yr Heddlu a Throseddu ond hefyd am y gweithdrefnau ar gyfer ethol aelodau, eu cyfrifoldebau, deddfwriaeth berthnasol ac awgrymiadau i helpu Comisiynwyr yr Heddlu a Throseddu i fod yn effeithiol ac yn hwyl. Yn ogystal, mae adrannau ar wah\u00e2n yn ymdrin \u00e2 r\u00f4l a chyfrifoldebau wardeniaid eglwys.<\/p>\n","protected":false},"excerpt":{"rendered":"<p>Wedi&#8217;i ysgrifennu gan gyn-archddiacon, dyma ganllaw cryno amhrisiadwy i waith Comisiynwyr yr Heddlu a Throseddu a chyfrifoldebau wardeniaid eglwys. Tra o ddiddordeb a chymorth i holl aelodau Cyngor Plwyf Eglwysig a hyd yn oed wardeniaid eglwys profiadol, bydd y canllaw o gymorth arbennig i\u2019r rhai sydd newydd eu penodi. Wedi&#8217;i nodi mewn adrannau clir, mae&#8217;r [&hellip;]<\/p>\n","protected":false},"featured_media":60508,"comment_status":"open","ping_status":"closed","template":"","meta":{"give_campaign_id":0},"product_brand":[],"product_cat":[524],"product_tag":[],"class_list":{"0":"post-33124","1":"product","2":"type-product","3":"status-publish","4":"has-post-thumbnail","6":"product_cat-eglwys","8":"first","9":"instock","10":"shipping-taxable","11":"purchasable","12":"product-type-simple"},"jetpack_sharing_enabled":true,"_links":{"self":[{"href":"https:\/\/theparishtrust.org.uk\/cy\/wp-json\/wp\/v2\/product\/33124","targetHints":{"allow":["GET"]}}],"collection":[{"href":"https:\/\/theparishtrust.org.uk\/cy\/wp-json\/wp\/v2\/product"}],"about":[{"href":"https:\/\/theparishtrust.org.uk\/cy\/wp-json\/wp\/v2\/types\/product"}],"replies":[{"embeddable":true,"href":"https:\/\/theparishtrust.org.uk\/cy\/wp-json\/wp\/v2\/comments?post=33124"}],"wp:featuredmedia":[{"embeddable":true,"href":"https:\/\/theparishtrust.org.uk\/cy\/wp-json\/wp\/v2\/media\/60508"}],"wp:attachment":[{"href":"https:\/\/theparishtrust.org.uk\/cy\/wp-json\/wp\/v2\/media?parent=33124"}],"wp:term":[{"taxonomy":"product_brand","embeddable":true,"href":"https:\/\/theparishtrust.org.uk\/cy\/wp-json\/wp\/v2\/product_brand?post=33124"},{"taxonomy":"product_cat","embeddable":true,"href":"https:\/\/theparishtrust.org.uk\/cy\/wp-json\/wp\/v2\/product_cat?post=33124"},{"taxonomy":"product_tag","embeddable":true,"href":"https:\/\/theparishtrust.org.uk\/cy\/wp-json\/wp\/v2\/product_tag?post=33124"}],"curies":[{"name":"wp","href":"https:\/\/api.w.org\/{rel}","templated":true}]}}