{"id":33089,"date":"2020-07-12T10:49:13","date_gmt":"2020-07-12T09:49:13","guid":{"rendered":"https:\/\/theparishtrust.org.uk\/shop\/uncategorized\/sut-i-weddio-canllaw-syml-i-bobl-normal\/"},"modified":"2024-04-27T14:47:25","modified_gmt":"2024-04-27T13:47:25","slug":"sut-i-weddio-canllaw-syml-i-bobl-normal","status":"publish","type":"product","link":"https:\/\/theparishtrust.org.uk\/cy\/shop\/llyfrau\/bywyd-cristnogol\/gweddi\/sut-i-weddio-canllaw-syml-i-bobl-normal\/","title":{"rendered":"Sut i Weddio: Canllaw Syml i Bobl Normal"},"content":{"rendered":"<p>Mae Pete Greig wedi bod yn dysgu ar weddi &#8211; ac yn arwain mudiad gweddi di-baid &#8211; ers ugain mlynedd. Nawr, am y tro cyntaf, mae&#8217;n rhoi gwaith ei fywyd mewn llyfr syml wedi&#8217;i ysgrifennu i bawb &#8211; ateb i&#8217;r cwestiwn y mae pawb yn ei ofyn yn y pen draw: sut mae gwedd\u00efo? Bydd y cyflwyniad lawr-i-ddaear hwn i weddi yn eich arwain yn ddyfnach yn eich perthynas \u00e2 Duw &#8211; gan eich gwneud yn fwy canoledig, yn fwy ymwybodol o lais Duw, yn fwy tebygol o weld datblygiadau newydd ac yn fwy abl i wneud synnwyr o&#8217;ch gwedd\u00efau heb eu hateb hefyd. Mae&#8217;n llawn doethineb gonest, caled wedi&#8217;i fritho \u00e2 straeon bywyd go iawn &#8211; rhai yn ddigrif, eraill yn symud &#8211; i arfogi ac ysbrydoli eich bywyd gweddi. Gan deithio trwy Weddi\u2019r Arglwydd, ynghyd \u00e2 fideos ar-lein a chychwyniadau trafodaeth, mae\u2019n dadbacio naw thema bwysig: llonyddwch, addoliad, deisyfiad, eiriolaeth, dyfalbarhad, myfyrdod, gwrando, cyfaddefiad a rhyfela ysbrydol. O un o gyfathrebwyr mwyaf dawnus a gweledigaethol heddiw, i&#8217;r rhai sydd wedi bod yn gwedd\u00efo ers blynyddoedd yn ogystal \u00e2&#8217;r rhai sydd eisiau gwedd\u00efo ond ddim yn gwybod ble i ddechrau, Sut i Weddi yw&#8217;r canllaw syml, ysbrydoledig rydych chi wedi bod yn aros amdano. canys.<\/p>\n","protected":false},"excerpt":{"rendered":"<p>Mae Pete Greig wedi bod yn dysgu ar weddi &#8211; ac yn arwain mudiad gweddi di-baid &#8211; ers ugain mlynedd. Nawr, am y tro cyntaf, mae&#8217;n rhoi gwaith ei fywyd mewn llyfr syml wedi&#8217;i ysgrifennu i bawb &#8211; ateb i&#8217;r cwestiwn y mae pawb yn ei ofyn yn y pen draw: sut mae gwedd\u00efo? Bydd [&hellip;]<\/p>\n","protected":false},"featured_media":60490,"comment_status":"open","ping_status":"closed","template":"","meta":{"give_campaign_id":0},"product_brand":[],"product_cat":[521],"product_tag":[],"class_list":{"0":"post-33089","1":"product","2":"type-product","3":"status-publish","4":"has-post-thumbnail","6":"product_cat-gweddi","8":"first","9":"instock","10":"shipping-taxable","11":"purchasable","12":"product-type-simple"},"jetpack_sharing_enabled":true,"_links":{"self":[{"href":"https:\/\/theparishtrust.org.uk\/cy\/wp-json\/wp\/v2\/product\/33089","targetHints":{"allow":["GET"]}}],"collection":[{"href":"https:\/\/theparishtrust.org.uk\/cy\/wp-json\/wp\/v2\/product"}],"about":[{"href":"https:\/\/theparishtrust.org.uk\/cy\/wp-json\/wp\/v2\/types\/product"}],"replies":[{"embeddable":true,"href":"https:\/\/theparishtrust.org.uk\/cy\/wp-json\/wp\/v2\/comments?post=33089"}],"wp:featuredmedia":[{"embeddable":true,"href":"https:\/\/theparishtrust.org.uk\/cy\/wp-json\/wp\/v2\/media\/60490"}],"wp:attachment":[{"href":"https:\/\/theparishtrust.org.uk\/cy\/wp-json\/wp\/v2\/media?parent=33089"}],"wp:term":[{"taxonomy":"product_brand","embeddable":true,"href":"https:\/\/theparishtrust.org.uk\/cy\/wp-json\/wp\/v2\/product_brand?post=33089"},{"taxonomy":"product_cat","embeddable":true,"href":"https:\/\/theparishtrust.org.uk\/cy\/wp-json\/wp\/v2\/product_cat?post=33089"},{"taxonomy":"product_tag","embeddable":true,"href":"https:\/\/theparishtrust.org.uk\/cy\/wp-json\/wp\/v2\/product_tag?post=33089"}],"curies":[{"name":"wp","href":"https:\/\/api.w.org\/{rel}","templated":true}]}}