{"id":40761,"date":"2022-10-26T12:15:23","date_gmt":"2022-10-26T11:15:23","guid":{"rendered":"https:\/\/theparishtrust.org.uk\/clwb-ieuenctid\/"},"modified":"2026-03-09T11:21:59","modified_gmt":"2026-03-09T11:21:59","slug":"clwb-ieuenctid","status":"publish","type":"page","link":"https:\/\/theparishtrust.org.uk\/cy\/clwb-ieuenctid\/","title":{"rendered":"Clwb Ieuenctid"},"content":{"rendered":"\t\t<div data-elementor-type=\"wp-page\" data-elementor-id=\"40761\" class=\"elementor elementor-40761 elementor-40742\" data-elementor-post-type=\"page\">\n\t\t\t\t\t\t<section class=\"elementor-section elementor-top-section elementor-element elementor-element-0cd3a91 elementor-section-boxed elementor-section-height-default elementor-section-height-default\" data-id=\"0cd3a91\" data-element_type=\"section\" data-e-type=\"section\">\n\t\t\t\t\t\t<div class=\"elementor-container elementor-column-gap-default\">\n\t\t\t\t\t<div class=\"elementor-column elementor-col-100 elementor-top-column elementor-element elementor-element-b70afec\" data-id=\"b70afec\" data-element_type=\"column\" data-e-type=\"column\">\n\t\t\t<div class=\"elementor-widget-wrap elementor-element-populated\">\n\t\t\t\t\t\t<div class=\"elementor-element elementor-element-e81ea8a elementor-widget elementor-widget-spacer\" data-id=\"e81ea8a\" data-element_type=\"widget\" data-e-type=\"widget\" data-widget_type=\"spacer.default\">\n\t\t\t\t<div class=\"elementor-widget-container\">\n\t\t\t\t\t\t\t<div class=\"elementor-spacer\">\n\t\t\t<div class=\"elementor-spacer-inner\"><\/div>\n\t\t<\/div>\n\t\t\t\t\t\t<\/div>\n\t\t\t\t<\/div>\n\t\t\t\t<div class=\"elementor-element elementor-element-ed2ebad elementor-widget elementor-widget-heading\" data-id=\"ed2ebad\" data-element_type=\"widget\" data-e-type=\"widget\" data-widget_type=\"heading.default\">\n\t\t\t\t<div class=\"elementor-widget-container\">\n\t\t\t\t\t<h2 class=\"elementor-heading-title elementor-size-default\">Clwb Ieuenctid<\/h2>\t\t\t\t<\/div>\n\t\t\t\t<\/div>\n\t\t\t\t<section class=\"elementor-section elementor-inner-section elementor-element elementor-element-22e422c elementor-section-boxed elementor-section-height-default elementor-section-height-default\" data-id=\"22e422c\" data-element_type=\"section\" data-e-type=\"section\">\n\t\t\t\t\t\t<div class=\"elementor-container elementor-column-gap-default\">\n\t\t\t\t\t<div class=\"elementor-column elementor-col-50 elementor-inner-column elementor-element elementor-element-de76e6a\" data-id=\"de76e6a\" data-element_type=\"column\" data-e-type=\"column\">\n\t\t\t<div class=\"elementor-widget-wrap elementor-element-populated\">\n\t\t\t\t\t\t<div class=\"elementor-element elementor-element-71fd091 elementor-widget elementor-widget-text-editor\" data-id=\"71fd091\" data-element_type=\"widget\" data-e-type=\"widget\" data-widget_type=\"text-editor.default\">\n\t\t\t\t<div class=\"elementor-widget-container\">\n\t\t\t\t\t\t\t\t\t<p><b>Nosweithiau Gwener o 6:30pm &#8211; 8:00pm  <\/b><\/p><p><span style=\"font-weight: 400;\">Mae Clwb Ieuenctid Ymddiriedolaeth y Plwyf yn glwb galw heibio am ddim i bobl ifanc 10 \u2013 16 oed.  <\/span><\/p><p><span style=\"font-weight: 400;\">Datblygwyd y Clwb Ieuenctid oherwydd y galw cynyddol am glwb ieuenctid parhaol yn yr ardal leol ar \u00f4l ein digwyddiadau ieuenctid Haf o Hwyl drwy gydol gwyliau haf 2022.  <\/span><\/p><p><span style=\"font-weight: 400;\">Nod ein Clwb Ieuenctid yw bod yn ofod diogel i bobl ifanc ddod ar nos Wener i chwarae gemau, dod i adnabod ei gilydd, gwneud ffrindiau newydd, a darganfod ffyrdd o ddod yn ddinesydd gweithgar yn eu cymuned. <\/span><\/p><p><span style=\"font-weight: 400;\">Yng Nghlwb Ieuenctid Ymddiriedolaeth y Plwyf , rydym yn annog pobl ifanc i rannu eu syniadau a\u2019u hawgrymiadau am yr hyn yr hoffent ei weld gennym ni, yr hyn sy\u2019n bwysig iddynt, a\u2019r hyn yr hoffent ei gael o ddod i\u2019n Clwb Ieuenctid. Credwn y bydd rhoi\u2019r cyfle i bobl ifanc greu clwb sydd ar eu cyfer, ganddynt hwy, yn gymorth i ddarparu\u2019r arfau sydd eu hangen arnynt i ddod yn ddinasyddion annibynnol, creadigol a gweithgar. <\/span><\/p><p><span style=\"font-weight: 400;\">Bob wythnos bydd gwahanol weithgareddau ochr yn ochr \u00e2 gemau t\u00eem egn\u00efol i hybu diwylliant o ddod i adnabod ein gilydd heb fod angen technoleg, ac i dreulio amser gyda ffrindiau yn y ffordd hen ffasiwn.<\/span><\/p><p><span style=\"font-weight: 400;\">Yn ein Clwb Ieuenctid, gallwch ddisgwyl:<\/span><\/p><ul><li style=\"font-weight: 400;\" aria-level=\"1\"><span style=\"font-weight: 400;\">Lluniaeth a byrbrydau ar gael<\/span><\/li><li style=\"font-weight: 400;\" aria-level=\"1\"><span style=\"font-weight: 400;\">Cerddoriaeth <\/span><\/li><li style=\"font-weight: 400;\" aria-level=\"1\"><span style=\"font-weight: 400;\">Gemau T\u00eem fel Cipio&#8217;r Faner, Sardinau a Thynnu Rhyfel<\/span><\/li><li style=\"font-weight: 400;\" aria-level=\"1\"><span style=\"font-weight: 400;\">Disgos Tawel <\/span><\/li><li style=\"font-weight: 400;\" aria-level=\"1\"><span style=\"font-weight: 400;\">Nosweithiau Ffilm <\/span><\/li><li style=\"font-weight: 400;\" aria-level=\"1\"><span style=\"font-weight: 400;\">Gemau bwrdd <\/span><\/li><li style=\"font-weight: 400;\" aria-level=\"1\"><span style=\"font-weight: 400;\">Tenis Bwrdd <\/span><\/li><li style=\"font-weight: 400;\" aria-level=\"1\"><span style=\"font-weight: 400;\">Crefftau <\/span><\/li><\/ul><p><span style=\"font-weight: 400;\">Bydd rhywbeth at ddant pawb yn ein Clwb Ieuenctid. Y cyfan sy&#8217;n rhaid i chi ei wneud yw dweud wrthym beth fyddech chi&#8217;n elwa ohono, a byddwn yn sicrhau ein bod yn sefydlu hyn i chi. Ydych chi&#8217;n hoffi celf a chrefft? Ydych chi&#8217;n hoffi Dawnsio? Ydych chi&#8217;n hoffi canu? Rhowch wybod i ni! <\/span><\/p><p><span style=\"font-weight: 400;\">Ymddiriedolaeth y Plwyf gofalu am les cymdeithasol a meddyliol pobl ifanc. Mae ein Clwb Ieuenctid yn fan diogel i bobl ifanc siarad \u00e2 ni\u2019n gyfrinachol am unrhyw beth sy\u2019n eu poeni, pethau cadarnhaol sy\u2019n digwydd yn eu bywydau, neu ddim ond am sgwrs.  <\/span><\/p>\t\t\t\t\t\t\t\t<\/div>\n\t\t\t\t<\/div>\n\t\t\t\t\t<\/div>\n\t\t<\/div>\n\t\t\t\t<div class=\"elementor-column elementor-col-50 elementor-inner-column elementor-element elementor-element-28263fe\" data-id=\"28263fe\" data-element_type=\"column\" data-e-type=\"column\">\n\t\t\t<div class=\"elementor-widget-wrap elementor-element-populated\">\n\t\t\t\t\t\t<div class=\"elementor-element elementor-element-090de64 elementor-widget elementor-widget-image\" data-id=\"090de64\" data-element_type=\"widget\" data-e-type=\"widget\" data-widget_type=\"image.default\">\n\t\t\t\t<div class=\"elementor-widget-container\">\n\t\t\t\t\t\t\t\t\t\t\t\t\t\t\t<img fetchpriority=\"high\" decoding=\"async\" width=\"800\" height=\"450\" src=\"https:\/\/theparishtrust.org.uk\/wp-content\/uploads\/2022\/10\/Youth-Club-1024x576.jpg\" class=\"attachment-large size-large wp-image-40749\" alt=\"\" srcset=\"https:\/\/theparishtrust.org.uk\/wp-content\/uploads\/2022\/10\/Youth-Club-1024x576.jpg 1024w, https:\/\/theparishtrust.org.uk\/wp-content\/uploads\/2022\/10\/Youth-Club-300x169.jpg 300w, https:\/\/theparishtrust.org.uk\/wp-content\/uploads\/2022\/10\/Youth-Club-768x432.jpg 768w, https:\/\/theparishtrust.org.uk\/wp-content\/uploads\/2022\/10\/Youth-Club-80x45.jpg 80w, https:\/\/theparishtrust.org.uk\/wp-content\/uploads\/2022\/10\/Youth-Club-1536x864.jpg 1536w, https:\/\/theparishtrust.org.uk\/wp-content\/uploads\/2022\/10\/Youth-Club-2048x1152.jpg 2048w, https:\/\/theparishtrust.org.uk\/wp-content\/uploads\/2022\/10\/Youth-Club-600x338.jpg 600w\" sizes=\"(max-width: 800px) 100vw, 800px\" \/>\t\t\t\t\t\t\t\t\t\t\t\t\t\t\t<\/div>\n\t\t\t\t<\/div>\n\t\t\t\t<div class=\"elementor-element elementor-element-3756101 elementor-widget elementor-widget-gallery\" data-id=\"3756101\" data-element_type=\"widget\" data-e-type=\"widget\" data-settings=\"{&quot;gallery_layout&quot;:&quot;masonry&quot;,&quot;columns&quot;:3,&quot;gap&quot;:{&quot;unit&quot;:&quot;px&quot;,&quot;size&quot;:29,&quot;sizes&quot;:[]},&quot;lazyload&quot;:&quot;yes&quot;,&quot;columns_tablet&quot;:2,&quot;columns_mobile&quot;:1,&quot;gap_tablet&quot;:{&quot;unit&quot;:&quot;px&quot;,&quot;size&quot;:10,&quot;sizes&quot;:[]},&quot;gap_mobile&quot;:{&quot;unit&quot;:&quot;px&quot;,&quot;size&quot;:10,&quot;sizes&quot;:[]},&quot;link_to&quot;:&quot;file&quot;,&quot;overlay_background&quot;:&quot;yes&quot;,&quot;content_hover_animation&quot;:&quot;fade-in&quot;}\" data-widget_type=\"gallery.default\">\n\t\t\t\t<div class=\"elementor-widget-container\">\n\t\t\t\t\t\t\t<div class=\"elementor-gallery__container\">\n\t\t\t\t\t\t\t<a class=\"e-gallery-item elementor-gallery-item elementor-animated-content\" href=\"https:\/\/theparishtrust.org.uk\/wp-content\/uploads\/2023\/11\/386561735_617920257176519_561346951185681425_n.jpg\" data-elementor-open-lightbox=\"yes\" data-elementor-lightbox-slideshow=\"3756101\" data-elementor-lightbox-title=\"386561735_617920257176519_561346951185681425_n\" data-e-action-hash=\"#elementor-action%3Aaction%3Dlightbox%26settings%3DeyJpZCI6NTgwNzAsInVybCI6Imh0dHBzOlwvXC90aGVwYXJpc2h0cnVzdC5vcmcudWtcL3dwLWNvbnRlbnRcL3VwbG9hZHNcLzIwMjNcLzExXC8zODY1NjE3MzVfNjE3OTIwMjU3MTc2NTE5XzU2MTM0Njk1MTE4NTY4MTQyNV9uLmpwZyIsInNsaWRlc2hvdyI6IjM3NTYxMDEifQ%3D%3D\">\n\t\t\t\t\t<div class=\"e-gallery-image elementor-gallery-item__image\" data-thumbnail=\"https:\/\/theparishtrust.org.uk\/wp-content\/uploads\/2023\/11\/386561735_617920257176519_561346951185681425_n.jpg\" data-width=\"2048\" data-height=\"1536\" aria-label=\"\" role=\"img\" ><\/div>\n\t\t\t\t\t\t\t\t\t\t\t<div class=\"elementor-gallery-item__overlay\"><\/div>\n\t\t\t\t\t\t\t\t\t\t\t\t\t\t<\/a>\n\t\t\t\t\t\t\t<a class=\"e-gallery-item elementor-gallery-item elementor-animated-content\" href=\"https:\/\/theparishtrust.org.uk\/wp-content\/uploads\/2023\/11\/398612077_633670608934817_436627476354163069_n.jpg\" data-elementor-open-lightbox=\"yes\" data-elementor-lightbox-slideshow=\"3756101\" data-elementor-lightbox-title=\"398612077_633670608934817_436627476354163069_n\" data-e-action-hash=\"#elementor-action%3Aaction%3Dlightbox%26settings%3DeyJpZCI6NTgwNzgsInVybCI6Imh0dHBzOlwvXC90aGVwYXJpc2h0cnVzdC5vcmcudWtcL3dwLWNvbnRlbnRcL3VwbG9hZHNcLzIwMjNcLzExXC8zOTg2MTIwNzdfNjMzNjcwNjA4OTM0ODE3XzQzNjYyNzQ3NjM1NDE2MzA2OV9uLmpwZyIsInNsaWRlc2hvdyI6IjM3NTYxMDEifQ%3D%3D\">\n\t\t\t\t\t<div class=\"e-gallery-image elementor-gallery-item__image\" data-thumbnail=\"https:\/\/theparishtrust.org.uk\/wp-content\/uploads\/2023\/11\/398612077_633670608934817_436627476354163069_n.jpg\" data-width=\"1536\" data-height=\"2048\" aria-label=\"\" role=\"img\" ><\/div>\n\t\t\t\t\t\t\t\t\t\t\t<div class=\"elementor-gallery-item__overlay\"><\/div>\n\t\t\t\t\t\t\t\t\t\t\t\t\t\t<\/a>\n\t\t\t\t\t\t\t<a class=\"e-gallery-item elementor-gallery-item elementor-animated-content\" href=\"https:\/\/theparishtrust.org.uk\/wp-content\/uploads\/2022\/10\/IMG_9214-1-scaled.jpg\" data-elementor-open-lightbox=\"yes\" data-elementor-lightbox-slideshow=\"3756101\" data-elementor-lightbox-title=\"IMG_9214\" data-e-action-hash=\"#elementor-action%3Aaction%3Dlightbox%26settings%3DeyJpZCI6NDA3NTUsInVybCI6Imh0dHBzOlwvXC90aGVwYXJpc2h0cnVzdC5vcmcudWtcL3dwLWNvbnRlbnRcL3VwbG9hZHNcLzIwMjJcLzEwXC9JTUdfOTIxNC0xLXNjYWxlZC5qcGciLCJzbGlkZXNob3ciOiIzNzU2MTAxIn0%3D\">\n\t\t\t\t\t<div class=\"e-gallery-image elementor-gallery-item__image\" data-thumbnail=\"https:\/\/theparishtrust.org.uk\/wp-content\/uploads\/2022\/10\/IMG_9214-1-scaled.jpg\" data-width=\"2560\" data-height=\"1920\" aria-label=\"\" role=\"img\" ><\/div>\n\t\t\t\t\t\t\t\t\t\t\t<div class=\"elementor-gallery-item__overlay\"><\/div>\n\t\t\t\t\t\t\t\t\t\t\t\t\t\t<\/a>\n\t\t\t\t\t\t\t<a class=\"e-gallery-item elementor-gallery-item elementor-animated-content\" href=\"https:\/\/theparishtrust.org.uk\/wp-content\/uploads\/2022\/10\/IMG_9427-scaled.jpg\" data-elementor-open-lightbox=\"yes\" data-elementor-lightbox-slideshow=\"3756101\" data-elementor-lightbox-title=\"IMG_9427\" data-e-action-hash=\"#elementor-action%3Aaction%3Dlightbox%26settings%3DeyJpZCI6NDA3NTEsInVybCI6Imh0dHBzOlwvXC90aGVwYXJpc2h0cnVzdC5vcmcudWtcL3dwLWNvbnRlbnRcL3VwbG9hZHNcLzIwMjJcLzEwXC9JTUdfOTQyNy1zY2FsZWQuanBnIiwic2xpZGVzaG93IjoiMzc1NjEwMSJ9\">\n\t\t\t\t\t<div class=\"e-gallery-image elementor-gallery-item__image\" data-thumbnail=\"https:\/\/theparishtrust.org.uk\/wp-content\/uploads\/2022\/10\/IMG_9427-scaled.jpg\" data-width=\"1920\" data-height=\"2560\" aria-label=\"\" role=\"img\" ><\/div>\n\t\t\t\t\t\t\t\t\t\t\t<div class=\"elementor-gallery-item__overlay\"><\/div>\n\t\t\t\t\t\t\t\t\t\t\t\t\t\t<\/a>\n\t\t\t\t\t\t\t<a class=\"e-gallery-item elementor-gallery-item elementor-animated-content\" href=\"https:\/\/theparishtrust.org.uk\/wp-content\/uploads\/2023\/11\/399733120_636666775301867_6193659571528030643_n.jpg\" data-elementor-open-lightbox=\"yes\" data-elementor-lightbox-slideshow=\"3756101\" data-elementor-lightbox-title=\"399733120_636666775301867_6193659571528030643_n\" data-e-action-hash=\"#elementor-action%3Aaction%3Dlightbox%26settings%3DeyJpZCI6NTgwODIsInVybCI6Imh0dHBzOlwvXC90aGVwYXJpc2h0cnVzdC5vcmcudWtcL3dwLWNvbnRlbnRcL3VwbG9hZHNcLzIwMjNcLzExXC8zOTk3MzMxMjBfNjM2NjY2Nzc1MzAxODY3XzYxOTM2NTk1NzE1MjgwMzA2NDNfbi5qcGciLCJzbGlkZXNob3ciOiIzNzU2MTAxIn0%3D\">\n\t\t\t\t\t<div class=\"e-gallery-image elementor-gallery-item__image\" data-thumbnail=\"https:\/\/theparishtrust.org.uk\/wp-content\/uploads\/2023\/11\/399733120_636666775301867_6193659571528030643_n.jpg\" data-width=\"1536\" data-height=\"2048\" aria-label=\"\" role=\"img\" ><\/div>\n\t\t\t\t\t\t\t\t\t\t\t<div class=\"elementor-gallery-item__overlay\"><\/div>\n\t\t\t\t\t\t\t\t\t\t\t\t\t\t<\/a>\n\t\t\t\t\t\t\t<a class=\"e-gallery-item elementor-gallery-item elementor-animated-content\" href=\"https:\/\/theparishtrust.org.uk\/wp-content\/uploads\/2023\/11\/350983705_1004648524049235_3148868288401910505_n-1.jpg\" data-elementor-open-lightbox=\"yes\" data-elementor-lightbox-slideshow=\"3756101\" data-elementor-lightbox-title=\"350983705_1004648524049235_3148868288401910505_n (1)\" data-e-action-hash=\"#elementor-action%3Aaction%3Dlightbox%26settings%3DeyJpZCI6NTgwNTYsInVybCI6Imh0dHBzOlwvXC90aGVwYXJpc2h0cnVzdC5vcmcudWtcL3dwLWNvbnRlbnRcL3VwbG9hZHNcLzIwMjNcLzExXC8zNTA5ODM3MDVfMTAwNDY0ODUyNDA0OTIzNV8zMTQ4ODY4Mjg4NDAxOTEwNTA1X24tMS5qcGciLCJzbGlkZXNob3ciOiIzNzU2MTAxIn0%3D\">\n\t\t\t\t\t<div class=\"e-gallery-image elementor-gallery-item__image\" data-thumbnail=\"https:\/\/theparishtrust.org.uk\/wp-content\/uploads\/2023\/11\/350983705_1004648524049235_3148868288401910505_n-1.jpg\" data-width=\"1440\" data-height=\"1080\" aria-label=\"\" role=\"img\" ><\/div>\n\t\t\t\t\t\t\t\t\t\t\t<div class=\"elementor-gallery-item__overlay\"><\/div>\n\t\t\t\t\t\t\t\t\t\t\t\t\t\t<\/a>\n\t\t\t\t\t\t\t<a class=\"e-gallery-item elementor-gallery-item elementor-animated-content\" href=\"https:\/\/theparishtrust.org.uk\/wp-content\/uploads\/2023\/11\/363845220_590641186571093_1157130294569125797_n.jpg\" data-elementor-open-lightbox=\"yes\" data-elementor-lightbox-slideshow=\"3756101\" data-elementor-lightbox-title=\"363845220_590641186571093_1157130294569125797_n\" data-e-action-hash=\"#elementor-action%3Aaction%3Dlightbox%26settings%3DeyJpZCI6NTgwNjQsInVybCI6Imh0dHBzOlwvXC90aGVwYXJpc2h0cnVzdC5vcmcudWtcL3dwLWNvbnRlbnRcL3VwbG9hZHNcLzIwMjNcLzExXC8zNjM4NDUyMjBfNTkwNjQxMTg2NTcxMDkzXzExNTcxMzAyOTQ1NjkxMjU3OTdfbi5qcGciLCJzbGlkZXNob3ciOiIzNzU2MTAxIn0%3D\">\n\t\t\t\t\t<div class=\"e-gallery-image elementor-gallery-item__image\" data-thumbnail=\"https:\/\/theparishtrust.org.uk\/wp-content\/uploads\/2023\/11\/363845220_590641186571093_1157130294569125797_n.jpg\" data-width=\"2048\" data-height=\"1536\" aria-label=\"\" role=\"img\" ><\/div>\n\t\t\t\t\t\t\t\t\t\t\t<div class=\"elementor-gallery-item__overlay\"><\/div>\n\t\t\t\t\t\t\t\t\t\t\t\t\t\t<\/a>\n\t\t\t\t\t<\/div>\n\t\t\t\t\t<\/div>\n\t\t\t\t<\/div>\n\t\t\t\t<div class=\"elementor-element elementor-element-b876f82 elementor-widget elementor-widget-heading\" data-id=\"b876f82\" data-element_type=\"widget\" data-e-type=\"widget\" data-widget_type=\"heading.default\">\n\t\t\t\t<div class=\"elementor-widget-container\">\n\t\t\t\t\t<h5 class=\"elementor-heading-title elementor-size-default\">Digwyddiadau i ddod i blant a phobl ifanc...<\/h5>\t\t\t\t<\/div>\n\t\t\t\t<\/div>\n\t\t\t\t<div class=\"elementor-element elementor-element-d8b68e2 elementor-widget elementor-widget-text-editor\" data-id=\"d8b68e2\" data-element_type=\"widget\" data-e-type=\"widget\" data-widget_type=\"text-editor.default\">\n\t\t\t\t<div class=\"elementor-widget-container\">\n\t\t\t\t\t\t\t\t\t<iframe frameborder=\"0\" height=\"400\" scrolling=\"no\" src=\"https:\/\/theparishtrust.charitysuite.com\/embed\/calendar\/events?body_bgcolor=F5F6F7&amp;categories=30&amp;event_bgcolor=FFFFFF&amp;event_border=&amp;featured=NULL&amp;filters_bgcolor=FFFFFF&amp;heading_color=444444&amp;icon_color=BBBBBB&amp;layout=grid-2019&amp;merge=show_all&amp;num_results=4&amp;show_categories=0&amp;show_search=0&amp;show_sites=0&amp;text_color=666666\" style=\"border-width:0\" width=\"100%\"><\/iframe>\t\t\t\t\t\t\t\t<\/div>\n\t\t\t\t<\/div>\n\t\t\t\t<div class=\"elementor-element elementor-element-5a43a12 elementor-widget elementor-widget-text-editor\" data-id=\"5a43a12\" data-element_type=\"widget\" data-e-type=\"widget\" data-widget_type=\"text-editor.default\">\n\t\t\t\t<div class=\"elementor-widget-container\">\n\t\t\t\t\t\t\t\t\t<h3><b>Cofrestru<\/b><\/h3><p><span style=\"font-weight: 400;\">Mae Ymddiriedolaeth y Plwyf yn cymryd lles a diogelwch plant\/pobl ifanc o ddifrif. Fel y cyfryw, rydym yn gofyn i rieni\/gwarcheidwaid gofrestru eu manylion a manylion eu plentyn\/plant fel y gallwn gadw mewn cysylltiad, bod yn ymwybodol o unrhyw anghenion meddygol, a gallu eu gwasanaethu yn y ffordd orau tra byddant yn ein gofal. Os oes gan eich plentyn ddiddordeb mewn mynychu ein Clwb Ieuenctid, gallwch eu cofrestru heddiw drwy glicio ar y ddolen isod\u2026<\/span><\/p>\t\t\t\t\t\t\t\t<\/div>\n\t\t\t\t<\/div>\n\t\t\t\t<div class=\"elementor-element elementor-element-102b258 elementor-align-center elementor-widget elementor-widget-button\" data-id=\"102b258\" data-element_type=\"widget\" data-e-type=\"widget\" data-widget_type=\"button.default\">\n\t\t\t\t<div class=\"elementor-widget-container\">\n\t\t\t\t\t\t\t\t\t<div class=\"elementor-button-wrapper\">\n\t\t\t\t\t<a class=\"elementor-button elementor-button-link elementor-size-sm elementor-animation-grow\" href=\"https:\/\/theparishtrust.churchsuite.co.uk\/forms\/nkpxm2ga\" target=\"_blank\" rel=\"noopener\">\n\t\t\t\t\t\t<span class=\"elementor-button-content-wrapper\">\n\t\t\t\t\t\t\t\t\t<span class=\"elementor-button-text\">Cofrestrwch eich plentyn\/plant gydag Ymddiriedolaeth y Plwyf<\/span>\n\t\t\t\t\t<\/span>\n\t\t\t\t\t<\/a>\n\t\t\t\t<\/div>\n\t\t\t\t\t\t\t\t<\/div>\n\t\t\t\t<\/div>\n\t\t\t\t\t<\/div>\n\t\t<\/div>\n\t\t\t\t\t<\/div>\n\t\t<\/section>\n\t\t\t\t\t<\/div>\n\t\t<\/div>\n\t\t\t\t\t<\/div>\n\t\t<\/section>\n\t\t\t\t<\/div>\n\t\t","protected":false},"excerpt":{"rendered":"<p>Clwb Ieuenctid Nosweithiau Gwener o 6:30pm &#8211; 8:00pm Mae Clwb Ieuenctid Ymddiriedolaeth y Plwyf yn glwb galw heibio am ddim i bobl ifanc 10 \u2013 16 oed. Datblygwyd y Clwb Ieuenctid oherwydd y galw cynyddol am glwb ieuenctid parhaol yn yr ardal leol ar \u00f4l ein digwyddiadau ieuenctid Haf o Hwyl drwy gydol gwyliau haf [&hellip;]<\/p>\n","protected":false},"author":90,"featured_media":40749,"parent":0,"menu_order":0,"comment_status":"closed","ping_status":"closed","template":"elementor_header_footer","meta":{"give_campaign_id":0,"footnotes":""},"categories":[491],"tags":[],"class_list":["post-40761","page","type-page","status-publish","has-post-thumbnail","hentry","category-plant-a-phobl-ifanc"],"campaignId":"","jetpack_sharing_enabled":true,"_links":{"self":[{"href":"https:\/\/theparishtrust.org.uk\/cy\/wp-json\/wp\/v2\/pages\/40761","targetHints":{"allow":["GET"]}}],"collection":[{"href":"https:\/\/theparishtrust.org.uk\/cy\/wp-json\/wp\/v2\/pages"}],"about":[{"href":"https:\/\/theparishtrust.org.uk\/cy\/wp-json\/wp\/v2\/types\/page"}],"author":[{"embeddable":true,"href":"https:\/\/theparishtrust.org.uk\/cy\/wp-json\/wp\/v2\/users\/90"}],"replies":[{"embeddable":true,"href":"https:\/\/theparishtrust.org.uk\/cy\/wp-json\/wp\/v2\/comments?post=40761"}],"version-history":[{"count":0,"href":"https:\/\/theparishtrust.org.uk\/cy\/wp-json\/wp\/v2\/pages\/40761\/revisions"}],"wp:featuredmedia":[{"embeddable":true,"href":"https:\/\/theparishtrust.org.uk\/cy\/wp-json\/wp\/v2\/media\/40749"}],"wp:attachment":[{"href":"https:\/\/theparishtrust.org.uk\/cy\/wp-json\/wp\/v2\/media?parent=40761"}],"wp:term":[{"taxonomy":"category","embeddable":true,"href":"https:\/\/theparishtrust.org.uk\/cy\/wp-json\/wp\/v2\/categories?post=40761"},{"taxonomy":"post_tag","embeddable":true,"href":"https:\/\/theparishtrust.org.uk\/cy\/wp-json\/wp\/v2\/tags?post=40761"}],"curies":[{"name":"wp","href":"https:\/\/api.w.org\/{rel}","templated":true}]}}