{"id":32811,"date":"2022-03-02T08:12:18","date_gmt":"2022-03-02T08:12:18","guid":{"rendered":"https:\/\/theparishtrust.org.uk\/wcrain\/"},"modified":"2022-10-16T21:26:40","modified_gmt":"2022-10-16T20:26:40","slug":"wcrain","status":"publish","type":"page","link":"https:\/\/theparishtrust.org.uk\/cy\/wcrain\/","title":{"rendered":"Wcr\u00e1in"},"content":{"rendered":"\t\t<div data-elementor-type=\"wp-page\" data-elementor-id=\"32811\" class=\"elementor elementor-32811 elementor-24780\" data-elementor-post-type=\"page\">\n\t\t\t\t\t\t<section class=\"elementor-section elementor-top-section elementor-element elementor-element-b9d7af5 elementor-section-full_width elementor-hidden-tablet elementor-hidden-mobile elementor-section-height-default elementor-section-height-default\" data-id=\"b9d7af5\" data-element_type=\"section\" data-e-type=\"section\" data-settings=\"{&quot;background_background&quot;:&quot;video&quot;,&quot;background_video_link&quot;:&quot;https:\\\/\\\/youtu.be\\\/lcNssGUyf58&quot;,&quot;background_play_on_mobile&quot;:&quot;yes&quot;}\">\n\t\t\t\t\t\t\t\t<div class=\"elementor-background-video-container\">\n\t\t\t\t\t\t\t\t\t\t\t\t\t<div class=\"elementor-background-video-embed\" role=\"presentation\"><\/div>\n\t\t\t\t\t\t\t\t\t\t\t\t<\/div>\n\t\t\t\t\t\t\t\t\t<div class=\"elementor-background-overlay\"><\/div>\n\t\t\t\t\t\t\t<div class=\"elementor-container elementor-column-gap-default\">\n\t\t\t\t\t<div class=\"elementor-column elementor-col-100 elementor-top-column elementor-element elementor-element-12bf0cb\" data-id=\"12bf0cb\" data-element_type=\"column\" data-e-type=\"column\">\n\t\t\t<div class=\"elementor-widget-wrap elementor-element-populated\">\n\t\t\t\t\t\t<div class=\"elementor-element elementor-element-d13f29b elementor-widget elementor-widget-heading\" data-id=\"d13f29b\" data-element_type=\"widget\" data-e-type=\"widget\" data-widget_type=\"heading.default\">\n\t\t\t\t<div class=\"elementor-widget-container\">\n\t\t\t\t\t<h2 class=\"elementor-heading-title elementor-size-default\">Y Rhyfel yn yr Wcrain<\/h2>\t\t\t\t<\/div>\n\t\t\t\t<\/div>\n\t\t\t\t\t<\/div>\n\t\t<\/div>\n\t\t\t\t\t<\/div>\n\t\t<\/section>\n\t\t\t\t<section class=\"elementor-section elementor-top-section elementor-element elementor-element-cfa96c6 elementor-section-full_width elementor-section-height-default elementor-section-height-default\" data-id=\"cfa96c6\" data-element_type=\"section\" data-e-type=\"section\">\n\t\t\t\t\t\t<div class=\"elementor-container elementor-column-gap-default\">\n\t\t\t\t\t<div class=\"elementor-column elementor-col-50 elementor-top-column elementor-element elementor-element-575bf3e\" data-id=\"575bf3e\" data-element_type=\"column\" data-e-type=\"column\" data-settings=\"{&quot;background_background&quot;:&quot;classic&quot;}\">\n\t\t\t<div class=\"elementor-widget-wrap elementor-element-populated\">\n\t\t\t\t\t\t<div class=\"elementor-element elementor-element-b6bc3c7 elementor-widget elementor-widget-heading\" data-id=\"b6bc3c7\" data-element_type=\"widget\" data-e-type=\"widget\" data-widget_type=\"heading.default\">\n\t\t\t\t<div class=\"elementor-widget-container\">\n\t\t\t\t\t<h5 class=\"elementor-heading-title elementor-size-default\">Datganiad gan y Parch. Dean Aaron Roberts, <br>Cadeirydd Ymddiriedolwyr Ymddiriedolaeth y Plwyf<\/h5>\t\t\t\t<\/div>\n\t\t\t\t<\/div>\n\t\t\t\t<div class=\"elementor-element elementor-element-82bc48a elementor-widget elementor-widget-text-editor\" data-id=\"82bc48a\" data-element_type=\"widget\" data-e-type=\"widget\" data-widget_type=\"text-editor.default\">\n\t\t\t\t<div class=\"elementor-widget-container\">\n\t\t\t\t\t\t\t\t\t<p>Mae pob un ohonom wedi gwylio mewn arswyd wrth i&#8217;r rhyfel yn yr Wcrain gael ei gynnal. Fel The Parish Trust, rydyn ni am ei gwneud hi&#8217;n gwbl glir i Ukrainians bod ganddyn nhw ein calonnau a&#8217;n gwedd\u00efau ar yr adeg hon.<\/p>\n<p>Ond rhaid wrth weithrediad gweledig wrth feddyliau ein calonau a gweddiau ein gwefusau.<\/p>\n<p>Er na allwn ymladd ag arfau o natur filwrol, gallwn fel elusen ymladd ag arfau cariad a heddwch. Rydym yn ymwybodol y gall y gwrthdaro hwn fod yn hir ac yn hirfaith, ac felly rydym wedi ymrwymo i chwarae ein rhan fach i liniaru rhai o&#8217;r anghenion niferus a fydd gennych o ganlyniad i&#8217;r drosedd hon yn erbyn dynoliaeth.<\/p>\n<p>Mae&#8217;r dudalen hon yn rhoi&#8217;r wybodaeth ddiweddaraf i&#8217;n rhanddeiliaid, a chithau, ein ffrindiau Wcreineg, o ran yr hyn y gallwn ei ddarparu&#8217;n ymarferol fel y rhyfel ar ddemocratiaeth a chyflogau heddwch.<\/p>\n<p>Byddwch yn sicr bob amser o&#8217;n cefnogaeth i chi.<\/p>\n\t\t\t\t\t\t\t\t<\/div>\n\t\t\t\t<\/div>\n\t\t\t\t\t<\/div>\n\t\t<\/div>\n\t\t\t\t<div class=\"elementor-column elementor-col-50 elementor-top-column elementor-element elementor-element-a10b907\" data-id=\"a10b907\" data-element_type=\"column\" data-e-type=\"column\" data-settings=\"{&quot;background_background&quot;:&quot;classic&quot;}\">\n\t\t\t<div class=\"elementor-widget-wrap elementor-element-populated\">\n\t\t\t\t\t\t<div class=\"elementor-element elementor-element-e5aa46d elementor-widget elementor-widget-heading\" data-id=\"e5aa46d\" data-element_type=\"widget\" data-e-type=\"widget\" data-widget_type=\"heading.default\">\n\t\t\t\t<div class=\"elementor-widget-container\">\n\t\t\t\t\t<h5 class=\"elementor-heading-title elementor-size-default\">\u0417\u0430\u044f\u0432\u0430 \u043f\u0440\u0435\u043f\u043e\u0434\u043e\u0431\u043d\u043e\u0433\u043e Dean Aaron Roberts,<br>\u0413\u043e\u043b\u043e\u0432\u0430 \u043e\u043f\u0456\u043a\u0443\u043d\u0456\u0432 \u041f\u0430\u0440\u0430\u0444\u0456\u044f\u043b\u044c\u043d\u043e\u0433\u043e \u0444\u043e\u043d\u0434\u0443<\/h5>\t\t\t\t<\/div>\n\t\t\t\t<\/div>\n\t\t\t\t<div class=\"elementor-element elementor-element-c95c242 elementor-widget elementor-widget-text-editor\" data-id=\"c95c242\" data-element_type=\"widget\" data-e-type=\"widget\" data-widget_type=\"text-editor.default\">\n\t\t\t\t<div class=\"elementor-widget-container\">\n\t\t\t\t\t\t\t\t\t<p>\u041c\u0438 \u0432\u0441\u0456 \u0437 \u0436\u0430\u0445\u043e\u043c \u0441\u043f\u043e\u0441\u0442\u0435\u0440\u0456\u0433\u0430\u043b\u0438, \u044f\u043a \u0432 \u0423\u043a\u0440\u0430\u0457\u043d\u0456 \u0439\u0434\u0435 \u0432\u0456\u0439\u043d\u0430. \u042f\u043a The Parish Trust, \u043c\u0438 \u0445\u043e\u0447\u0435\u043c\u043e \u0434\u0430\u0442\u0438 \u0437\u0440\u043e\u0437\u0443\u043c\u0456\u0442\u0438 \u0443\u043a\u0440\u0430\u0457\u043d\u0446\u044f\u043c, \u0449\u043e \u0432 \u0446\u0435\u0439 \u0447\u0430\u0441 \u0432\u043e\u043d\u0438 \u043c\u0430\u044e\u0442\u044c \u043d\u0430\u0448\u0456 \u0441\u0435\u0440\u0446\u044f \u0456 \u043d\u0430\u0448\u0456 \u043c\u043e\u043b\u0438\u0442\u0432\u0438.<\/p>\n<p>\u0410\u043b\u0435 \u0434\u0443\u043c\u043a\u0438 \u043d\u0430\u0448\u043e\u0433\u043e \u0441\u0435\u0440\u0446\u044f \u0456 \u043c\u043e\u043b\u0438\u0442\u0432\u0438 \u043d\u0430\u0448\u0438\u0445 \u0443\u0441\u0442 \u043c\u0430\u044e\u0442\u044c \u0431\u0443\u0442\u0438 \u043f\u0456\u0434\u043a\u0440\u0456\u043f\u043b\u0435\u043d\u0456 \u0432\u0438\u0434\u0438\u043c\u043e\u044e \u0434\u0456\u0454\u044e.<\/p>\n<p>\u0425\u043e\u0447\u0430 \u043c\u0438 \u043d\u0435 \u043c\u043e\u0436\u0435\u043c\u043e \u0432\u043e\u044e\u0432\u0430\u0442\u0438 \u0437\u0431\u0440\u043e\u0454\u044e \u0432\u0456\u0439\u0441\u044c\u043a\u043e\u0432\u043e\u0433\u043e \u0445\u0430\u0440\u0430\u043a\u0442\u0435\u0440\u0443, \u043c\u0438, \u044f\u043a \u0431\u043b\u0430\u0433\u043e\u0434\u0456\u0439\u043d\u0430 \u043e\u0440\u0433\u0430\u043d\u0456\u0437\u0430\u0446\u0456\u044f, \u043c\u043e\u0436\u0435\u043c\u043e \u0432\u043e\u044e\u0432\u0430\u0442\u0438 \u0437\u0431\u0440\u043e\u0454\u044e \u043b\u044e\u0431\u043e\u0432\u0456 \u0442\u0430 \u043c\u0438\u0440\u0443. \u041c\u0438 \u0443\u0441\u0432\u0456\u0434\u043e\u043c\u043b\u044e\u0454\u043c\u043e, \u0449\u043e \u0446\u0435\u0439 \u043a\u043e\u043d\u0444\u043b\u0456\u043a\u0442 \u043c\u043e\u0436\u0435 \u0431\u0443\u0442\u0438 \u0442\u0440\u0438\u0432\u0430\u043b\u0438\u043c, \u0456 \u0442\u043e\u043c\u0443 \u043c\u0438 \u043f\u0440\u0430\u0433\u043d\u0435\u043c\u043e \u0437\u0456\u0433\u0440\u0430\u0442\u0438 \u0441\u0432\u043e\u044e \u043d\u0435\u0432\u0435\u043b\u0438\u043a\u0443 \u0440\u043e\u043b\u044c \u0443 \u043f\u043e\u043b\u0435\u0433\u0448\u0435\u043d\u043d\u0456 \u0434\u0435\u044f\u043a\u0438\u0445 \u0456\u0437 \u0431\u0430\u0433\u0430\u0442\u044c\u043e\u0445 \u043f\u043e\u0442\u0440\u0435\u0431, \u044f\u043a\u0456 \u0432\u0438 \u043c\u0430\u0442\u0438\u043c\u0435\u0442\u0435 \u0432 \u0440\u0435\u0437\u0443\u043b\u044c\u0442\u0430\u0442\u0456 \u0446\u044c\u043e\u0433\u043e \u0437\u043b\u043e\u0447\u0438\u043d\u0443 \u043f\u0440\u043e\u0442\u0438 \u043b\u044e\u0434\u0441\u0442\u0432\u0430.<\/p><p>\u0426\u044f \u0441\u0442\u043e\u0440\u0456\u043d\u043a\u0430 \u0441\u043b\u0443\u0436\u0438\u0442\u044c \u0434\u043b\u044f \u0442\u043e\u0433\u043e, \u0449\u043e\u0431 \u043d\u0430\u0448\u0456 \u0437\u0430\u0446\u0456\u043a\u0430\u0432\u043b\u0435\u043d\u0456 \u0441\u0442\u043e\u0440\u043e\u043d\u0438 \u0442\u0430 \u0432\u0438, \u043d\u0430\u0448\u0456 \u0443\u043a\u0440\u0430\u0457\u043d\u0441\u044c\u043a\u0456 \u0434\u0440\u0443\u0437\u0456, \u0437\u043d\u0430\u043b\u0438, \u0449\u043e \u043c\u0438 \u043c\u043e\u0436\u0435\u043c\u043e \u0434\u0430\u0442\u0438, \u043e\u0441\u043a\u0456\u043b\u044c\u043a\u0438 \u0432\u0456\u0439\u043d\u0430 \u0437 \u0434\u0435\u043c\u043e\u043a\u0440\u0430\u0442\u0456\u0454\u044e \u0442\u0430 \u043c\u0438\u0440\u043e\u043c \u0442\u0440\u0438\u0432\u0430\u0454.<br><\/p>\n<p>Bud\u044c\u0442\u0435 \u0432\u043f\u0435\u0432\u043d\u0435\u043d\u0456 \u043d\u0430 \u043f\u0438\u0434tri\u043c\u0446\u0456 ar gyfer y vas.<\/p>\t\t\t\t\t\t\t\t<\/div>\n\t\t\t\t<\/div>\n\t\t\t\t\t<\/div>\n\t\t<\/div>\n\t\t\t\t\t<\/div>\n\t\t<\/section>\n\t\t\t\t<section class=\"elementor-section elementor-top-section elementor-element elementor-element-a5e083f elementor-section-boxed elementor-section-height-default elementor-section-height-default\" data-id=\"a5e083f\" data-element_type=\"section\" data-e-type=\"section\" data-settings=\"{&quot;background_background&quot;:&quot;classic&quot;}\">\n\t\t\t\t\t\t<div class=\"elementor-container elementor-column-gap-default\">\n\t\t\t\t\t<div class=\"elementor-column elementor-col-100 elementor-top-column elementor-element elementor-element-e699c4f\" data-id=\"e699c4f\" data-element_type=\"column\" data-e-type=\"column\">\n\t\t\t<div class=\"elementor-widget-wrap\">\n\t\t\t\t\t\t\t<\/div>\n\t\t<\/div>\n\t\t\t\t\t<\/div>\n\t\t<\/section>\n\t\t\t\t<section class=\"elementor-section elementor-top-section elementor-element elementor-element-7d26b82 elementor-section-boxed elementor-section-height-default elementor-section-height-default\" data-id=\"7d26b82\" data-element_type=\"section\" data-e-type=\"section\">\n\t\t\t\t\t\t<div class=\"elementor-container elementor-column-gap-default\">\n\t\t\t\t\t<div class=\"elementor-column elementor-col-100 elementor-top-column elementor-element elementor-element-50d0c87\" data-id=\"50d0c87\" data-element_type=\"column\" data-e-type=\"column\">\n\t\t\t<div class=\"elementor-widget-wrap elementor-element-populated\">\n\t\t\t\t\t\t<div class=\"elementor-element elementor-element-6d09511 elementor-widget elementor-widget-spacer\" data-id=\"6d09511\" data-element_type=\"widget\" data-e-type=\"widget\" data-widget_type=\"spacer.default\">\n\t\t\t\t<div class=\"elementor-widget-container\">\n\t\t\t\t\t\t\t<div class=\"elementor-spacer\">\n\t\t\t<div class=\"elementor-spacer-inner\"><\/div>\n\t\t<\/div>\n\t\t\t\t\t\t<\/div>\n\t\t\t\t<\/div>\n\t\t\t\t<div class=\"elementor-element elementor-element-d7583e4 elementor-widget elementor-widget-heading\" data-id=\"d7583e4\" data-element_type=\"widget\" data-e-type=\"widget\" data-widget_type=\"heading.default\">\n\t\t\t\t<div class=\"elementor-widget-container\">\n\t\t\t\t\t<h2 class=\"elementor-heading-title elementor-size-default\">Ffyrdd yr ydym yn helpu...<\/h2>\t\t\t\t<\/div>\n\t\t\t\t<\/div>\n\t\t\t\t\t<\/div>\n\t\t<\/div>\n\t\t\t\t\t<\/div>\n\t\t<\/section>\n\t\t\t\t<section class=\"elementor-section elementor-top-section elementor-element elementor-element-47a4854 elementor-section-boxed elementor-section-height-default elementor-section-height-default\" data-id=\"47a4854\" data-element_type=\"section\" data-e-type=\"section\">\n\t\t\t\t\t\t<div class=\"elementor-container elementor-column-gap-default\">\n\t\t\t\t\t<div class=\"elementor-column elementor-col-100 elementor-top-column elementor-element elementor-element-ee12cec\" data-id=\"ee12cec\" data-element_type=\"column\" data-e-type=\"column\">\n\t\t\t<div class=\"elementor-widget-wrap elementor-element-populated\">\n\t\t\t\t\t\t<div class=\"elementor-element elementor-element-b3b3423 elementor-widget elementor-widget-toggle\" data-id=\"b3b3423\" data-element_type=\"widget\" data-e-type=\"widget\" data-widget_type=\"toggle.default\">\n\t\t\t\t<div class=\"elementor-widget-container\">\n\t\t\t\t\t\t\t<div class=\"elementor-toggle\">\n\t\t\t\t\t\t\t<div class=\"elementor-toggle-item\">\n\t\t\t\t\t<div id=\"elementor-tab-title-1881\" class=\"elementor-tab-title\" data-tab=\"1\" role=\"button\" aria-controls=\"elementor-tab-content-1881\" aria-expanded=\"false\">\n\t\t\t\t\t\t\t\t\t\t\t\t<span class=\"elementor-toggle-icon elementor-toggle-icon-left\" aria-hidden=\"true\">\n\t\t\t\t\t\t\t\t\t\t\t\t\t\t\t<span class=\"elementor-toggle-icon-closed\"><svg class=\"e-font-icon-svg e-fas-caret-right\" viewBox=\"0 0 192 512\" xmlns=\"http:\/\/www.w3.org\/2000\/svg\"><path d=\"M0 384.662V127.338c0-17.818 21.543-26.741 34.142-14.142l128.662 128.662c7.81 7.81 7.81 20.474 0 28.284L34.142 398.804C21.543 411.404 0 402.48 0 384.662z\"><\/path><\/svg><\/span>\n\t\t\t\t\t\t\t\t<span class=\"elementor-toggle-icon-opened\"><svg class=\"elementor-toggle-icon-opened e-font-icon-svg e-fas-caret-up\" viewBox=\"0 0 320 512\" xmlns=\"http:\/\/www.w3.org\/2000\/svg\"><path d=\"M288.662 352H31.338c-17.818 0-26.741-21.543-14.142-34.142l128.662-128.662c7.81-7.81 20.474-7.81 28.284 0l128.662 128.662c12.6 12.599 3.676 34.142-14.142 34.142z\"><\/path><\/svg><\/span>\n\t\t\t\t\t\t\t\t\t\t\t\t\t<\/span>\n\t\t\t\t\t\t\t\t\t\t\t\t<a class=\"elementor-toggle-title\" tabindex=\"0\">Casglu<\/a>\n\t\t\t\t\t<\/div>\n\n\t\t\t\t\t<div id=\"elementor-tab-content-1881\" class=\"elementor-tab-content elementor-clearfix\" data-tab=\"1\" role=\"region\" aria-labelledby=\"elementor-tab-title-1881\"><p><span style=\"color: #ff0000;\"><b>Mae casgliadau o nwyddau diriaethol wedi&#8217;u gohirio hyd nes y clywir yn wahanol.<\/b><\/span><\/p>\n<\/div>\n\t\t\t\t<\/div>\n\t\t\t\t\t\t\t<div class=\"elementor-toggle-item\">\n\t\t\t\t\t<div id=\"elementor-tab-title-1882\" class=\"elementor-tab-title\" data-tab=\"2\" role=\"button\" aria-controls=\"elementor-tab-content-1882\" aria-expanded=\"false\">\n\t\t\t\t\t\t\t\t\t\t\t\t<span class=\"elementor-toggle-icon elementor-toggle-icon-left\" aria-hidden=\"true\">\n\t\t\t\t\t\t\t\t\t\t\t\t\t\t\t<span class=\"elementor-toggle-icon-closed\"><svg class=\"e-font-icon-svg e-fas-caret-right\" viewBox=\"0 0 192 512\" xmlns=\"http:\/\/www.w3.org\/2000\/svg\"><path d=\"M0 384.662V127.338c0-17.818 21.543-26.741 34.142-14.142l128.662 128.662c7.81 7.81 7.81 20.474 0 28.284L34.142 398.804C21.543 411.404 0 402.48 0 384.662z\"><\/path><\/svg><\/span>\n\t\t\t\t\t\t\t\t<span class=\"elementor-toggle-icon-opened\"><svg class=\"elementor-toggle-icon-opened e-font-icon-svg e-fas-caret-up\" viewBox=\"0 0 320 512\" xmlns=\"http:\/\/www.w3.org\/2000\/svg\"><path d=\"M288.662 352H31.338c-17.818 0-26.741-21.543-14.142-34.142l128.662-128.662c7.81-7.81 20.474-7.81 28.284 0l128.662 128.662c12.6 12.599 3.676 34.142-14.142 34.142z\"><\/path><\/svg><\/span>\n\t\t\t\t\t\t\t\t\t\t\t\t\t<\/span>\n\t\t\t\t\t\t\t\t\t\t\t\t<a class=\"elementor-toggle-title\" tabindex=\"0\">Cyfeirio<\/a>\n\t\t\t\t\t<\/div>\n\n\t\t\t\t\t<div id=\"elementor-tab-content-1882\" class=\"elementor-tab-content elementor-clearfix\" data-tab=\"2\" role=\"region\" aria-labelledby=\"elementor-tab-title-1882\"><p>Mae yna lawer o elusennau a fydd yn cymryd rhoddion ariannol i gefnogi&#8217;r ymdrech ddyngarol yn yr Wcrain. Dyma restr o rai ohonyn nhw:<\/p>\n<ul>\n<li><a href=\"https:\/\/donate.redcross.org.uk\/appeal\/ukraine-crisis-appeal\" target=\"_blank\" rel=\"noopener\">Y Groes Goch<\/a><\/li>\n<li><a href=\"https:\/\/www.unicef.org.uk\/donate\/donate-now-to-protect-children-in-ukraine\/\" target=\"_blank\" rel=\"noopener\">UNICEF<\/a><\/li>\n<li><a href=\"https:\/\/www.worldvision.org.uk\/emergencies\/ukraine-crisis-appeal\/\" target=\"_blank\" rel=\"noopener\">Gweledigaeth y Byd<\/a><\/li>\n<li><a href=\"https:\/\/int.depaulcharity.org\/fundraising-for-depaul-ukraine\/\" target=\"_blank\" rel=\"noopener\">Depaul<\/a><\/li>\n<li><a href=\"https:\/\/www.christianaid.org.uk\/appeals\/emergencies\/ukraine-crisis-appeal\" target=\"_blank\" rel=\"noopener\">Cymorth Cristnogol<\/a><\/li>\n<li><a href=\"https:\/\/www.dec.org.uk\/appeal\/ukraine-humanitarian-appeal\" target=\"_blank\" rel=\"noopener\">Pwyllgor Argyfwng Trychinebau<\/a> <em>Rydym yn argymell yn arbennig rhoi i&#8217;r elusen hon gan fod Llywodraeth y DU wedi addo cymorth ariannol cyfatebol am bob \u00a31 a roddir.<\/em><\/li>\n<\/ul>\n<p>Rydym wedi gwirio a gwirio&#8217;r rhestr uchod i sicrhau eu bod yn <em>sefydliadau dilys<\/em> y gallwch ymddiried eich cyfraniadau ariannol iddynt.<\/p>\n<p>Byddwn yn parhau i ychwanegu at y rhestr hon wrth i amser fynd rhagddo.<\/p>\n<\/div>\n\t\t\t\t<\/div>\n\t\t\t\t\t\t\t<div class=\"elementor-toggle-item\">\n\t\t\t\t\t<div id=\"elementor-tab-title-1883\" class=\"elementor-tab-title\" data-tab=\"3\" role=\"button\" aria-controls=\"elementor-tab-content-1883\" aria-expanded=\"false\">\n\t\t\t\t\t\t\t\t\t\t\t\t<span class=\"elementor-toggle-icon elementor-toggle-icon-left\" aria-hidden=\"true\">\n\t\t\t\t\t\t\t\t\t\t\t\t\t\t\t<span class=\"elementor-toggle-icon-closed\"><svg class=\"e-font-icon-svg e-fas-caret-right\" viewBox=\"0 0 192 512\" xmlns=\"http:\/\/www.w3.org\/2000\/svg\"><path d=\"M0 384.662V127.338c0-17.818 21.543-26.741 34.142-14.142l128.662 128.662c7.81 7.81 7.81 20.474 0 28.284L34.142 398.804C21.543 411.404 0 402.48 0 384.662z\"><\/path><\/svg><\/span>\n\t\t\t\t\t\t\t\t<span class=\"elementor-toggle-icon-opened\"><svg class=\"elementor-toggle-icon-opened e-font-icon-svg e-fas-caret-up\" viewBox=\"0 0 320 512\" xmlns=\"http:\/\/www.w3.org\/2000\/svg\"><path d=\"M288.662 352H31.338c-17.818 0-26.741-21.543-14.142-34.142l128.662-128.662c7.81-7.81 20.474-7.81 28.284 0l128.662 128.662c12.6 12.599 3.676 34.142-14.142 34.142z\"><\/path><\/svg><\/span>\n\t\t\t\t\t\t\t\t\t\t\t\t\t<\/span>\n\t\t\t\t\t\t\t\t\t\t\t\t<a class=\"elementor-toggle-title\" tabindex=\"0\">Gwedd\u00efo<\/a>\n\t\t\t\t\t<\/div>\n\n\t\t\t\t\t<div id=\"elementor-tab-content-1883\" class=\"elementor-tab-content elementor-clearfix\" data-tab=\"3\" role=\"region\" aria-labelledby=\"elementor-tab-title-1883\"><p>Fel sefydliad Cristnogol, credwn fod dod ynghyd a gwedd\u00efo dros y byd yn bwysig. Dyna pam rydyn ni wedi sefydlu arddangosfa &#8220;Gwedd\u00efwch dros yr Wcrain&#8221; ar flaen ein hadeilad i bobl fyfyrio, meddwl a gwedd\u00efo dros bobl yr Wcrain.<\/p>\n<p>Yn syml, dewch at ein rheilen weddi, cymerwch rhuban, a chlymwch un wrth y rheilen i ddangos eich bod wedi meddwl neu wedd\u00efo dros bobl yr Wcrain.<\/p>\n<p><img fetchpriority=\"high\" decoding=\"async\" class=\"size-medium wp-image-24846 aligncenter\" src=\"https:\/\/theparishtrust.org.uk\/wp-content\/uploads\/2022\/03\/IMG_20220302_111855-min-300x225.jpg\" alt=\"Gwedd\u00efwch dros reilffordd weddi Wcr\u00e1in\" width=\"300\" height=\"225\" srcset=\"https:\/\/theparishtrust.org.uk\/wp-content\/uploads\/2022\/03\/IMG_20220302_111855-min-300x225.jpg 300w, https:\/\/theparishtrust.org.uk\/wp-content\/uploads\/2022\/03\/IMG_20220302_111855-min-1024x768.jpg 1024w, https:\/\/theparishtrust.org.uk\/wp-content\/uploads\/2022\/03\/IMG_20220302_111855-min-768x576.jpg 768w, https:\/\/theparishtrust.org.uk\/wp-content\/uploads\/2022\/03\/IMG_20220302_111855-min-80x60.jpg 80w, https:\/\/theparishtrust.org.uk\/wp-content\/uploads\/2022\/03\/IMG_20220302_111855-min-1536x1152.jpg 1536w, https:\/\/theparishtrust.org.uk\/wp-content\/uploads\/2022\/03\/IMG_20220302_111855-min-2048x1536.jpg 2048w, https:\/\/theparishtrust.org.uk\/wp-content\/uploads\/2022\/03\/IMG_20220302_111855-min-600x450.jpg 600w\" sizes=\"(max-width: 300px) 100vw, 300px\" \/><\/p>\n<\/div>\n\t\t\t\t<\/div>\n\t\t\t\t\t\t\t<div class=\"elementor-toggle-item\">\n\t\t\t\t\t<div id=\"elementor-tab-title-1884\" class=\"elementor-tab-title\" data-tab=\"4\" role=\"button\" aria-controls=\"elementor-tab-content-1884\" aria-expanded=\"false\">\n\t\t\t\t\t\t\t\t\t\t\t\t<span class=\"elementor-toggle-icon elementor-toggle-icon-left\" aria-hidden=\"true\">\n\t\t\t\t\t\t\t\t\t\t\t\t\t\t\t<span class=\"elementor-toggle-icon-closed\"><svg class=\"e-font-icon-svg e-fas-caret-right\" viewBox=\"0 0 192 512\" xmlns=\"http:\/\/www.w3.org\/2000\/svg\"><path d=\"M0 384.662V127.338c0-17.818 21.543-26.741 34.142-14.142l128.662 128.662c7.81 7.81 7.81 20.474 0 28.284L34.142 398.804C21.543 411.404 0 402.48 0 384.662z\"><\/path><\/svg><\/span>\n\t\t\t\t\t\t\t\t<span class=\"elementor-toggle-icon-opened\"><svg class=\"elementor-toggle-icon-opened e-font-icon-svg e-fas-caret-up\" viewBox=\"0 0 320 512\" xmlns=\"http:\/\/www.w3.org\/2000\/svg\"><path d=\"M288.662 352H31.338c-17.818 0-26.741-21.543-14.142-34.142l128.662-128.662c7.81-7.81 20.474-7.81 28.284 0l128.662 128.662c12.6 12.599 3.676 34.142-14.142 34.142z\"><\/path><\/svg><\/span>\n\t\t\t\t\t\t\t\t\t\t\t\t\t<\/span>\n\t\t\t\t\t\t\t\t\t\t\t\t<a class=\"elementor-toggle-title\" tabindex=\"0\">Cefnogi Ffoaduriaid Wcrain yn ein hardal<\/a>\n\t\t\t\t\t<\/div>\n\n\t\t\t\t\t<div id=\"elementor-tab-content-1884\" class=\"elementor-tab-content elementor-clearfix\" data-tab=\"4\" role=\"region\" aria-labelledby=\"elementor-tab-title-1884\"><p>Yn ystod mis Mawrth 2022, cyhoeddodd Llywodraeth y DU a Senedd Cymru gynlluniau amrywiol i alluogi Ffoaduriaid o Wcrain i gael yr opsiwn o aros yn y DU am hyd at dair blynedd.<\/p>\n<p>Mae Ymddiriedolaeth y Plwyf yn cynnig y cymorth uniongyrchol canlynol i unrhyw ffoaduriaid sy\u2019n byw yn ardal CF83:<\/p>\n<ul>\n<li>Atgyfeiriadau i&#8217;r Prosiect GOFAL drostynt eu hunain ac, os oes ganddynt un, eu &#8220;teulu gwesteiwr&#8221; os ydynt wedi dod i&#8217;r DU fel rhan o gynllun <a href=\"https:\/\/homesforukraine.campaign.gov.uk\/\" target=\"_blank\" rel=\"noopener\">Homes for Ukraine<\/a> .<\/li>\n<li>Mynediad am ddim i&#8217;n gr\u0175p plantos Tommy&#8217;s Tots<\/li>\n<\/ul>\n<p>Yn y lle cyntaf, <a href=\"https:\/\/theparishtrust.org.uk\/cy\/cysylltwch\/\"><span style=\"text-decoration: underline;\"><strong>cysylltwch \u00e2 ni yn uniongyrchol<\/strong><\/span><\/a> er mwyn cael mynediad at y gwasanaethau hyn.<\/p>\n<p>Byddwn hefyd yn darparu cyfleoedd, yn dibynnu ar yr angen, i Ukrainians ddod at ei gilydd i gymdeithasu.<\/p>\n<p>Byddwn hefyd yn edrych i ddarparu cymorth emosiynol a bugeiliol oherwydd yr anghenion difrifol y gall Ukrainians eu cyflwyno ar \u00f4l profi trawma sylweddol. <\/p>\n<\/div>\n\t\t\t\t<\/div>\n\t\t\t\t\t\t\t\t<\/div>\n\t\t\t\t\t\t<\/div>\n\t\t\t\t<\/div>\n\t\t\t\t<div class=\"elementor-element elementor-element-1751604 elementor-widget elementor-widget-spacer\" data-id=\"1751604\" data-element_type=\"widget\" data-e-type=\"widget\" data-widget_type=\"spacer.default\">\n\t\t\t\t<div class=\"elementor-widget-container\">\n\t\t\t\t\t\t\t<div class=\"elementor-spacer\">\n\t\t\t<div class=\"elementor-spacer-inner\"><\/div>\n\t\t<\/div>\n\t\t\t\t\t\t<\/div>\n\t\t\t\t<\/div>\n\t\t\t\t\t<\/div>\n\t\t<\/div>\n\t\t\t\t\t<\/div>\n\t\t<\/section>\n\t\t\t\t<section class=\"elementor-section elementor-top-section elementor-element elementor-element-761b943 elementor-section-boxed elementor-section-height-default elementor-section-height-default\" data-id=\"761b943\" data-element_type=\"section\" data-e-type=\"section\">\n\t\t\t\t\t\t<div class=\"elementor-container elementor-column-gap-default\">\n\t\t\t\t\t<div class=\"elementor-column elementor-col-100 elementor-top-column elementor-element elementor-element-6c67a62\" data-id=\"6c67a62\" data-element_type=\"column\" data-e-type=\"column\">\n\t\t\t<div class=\"elementor-widget-wrap elementor-element-populated\">\n\t\t\t\t\t\t<div class=\"elementor-element elementor-element-422dd0e elementor-widget elementor-widget-spacer\" data-id=\"422dd0e\" data-element_type=\"widget\" data-e-type=\"widget\" data-widget_type=\"spacer.default\">\n\t\t\t\t<div class=\"elementor-widget-container\">\n\t\t\t\t\t\t\t<div class=\"elementor-spacer\">\n\t\t\t<div class=\"elementor-spacer-inner\"><\/div>\n\t\t<\/div>\n\t\t\t\t\t\t<\/div>\n\t\t\t\t<\/div>\n\t\t\t\t<div class=\"elementor-element elementor-element-590b3b8 elementor-widget elementor-widget-heading\" data-id=\"590b3b8\" data-element_type=\"widget\" data-e-type=\"widget\" data-widget_type=\"heading.default\">\n\t\t\t\t<div class=\"elementor-widget-container\">\n\t\t\t\t\t<h2 class=\"elementor-heading-title elementor-size-default\">Y newyddion diweddaraf...<\/h2>\t\t\t\t<\/div>\n\t\t\t\t<\/div>\n\t\t\t\t\t<\/div>\n\t\t<\/div>\n\t\t\t\t\t<\/div>\n\t\t<\/section>\n\t\t\t\t<\/div>\n\t\t","protected":false},"excerpt":{"rendered":"<p>Y Rhyfel yn yr Wcrain Datganiad gan y Parch. Dean Aaron Roberts, Cadeirydd Ymddiriedolwyr Ymddiriedolaeth y Plwyf Mae pob un ohonom wedi gwylio mewn arswyd wrth i&#8217;r rhyfel yn yr Wcrain gael ei gynnal. Fel The Parish Trust, rydyn ni am ei gwneud hi&#8217;n gwbl glir i Ukrainians bod ganddyn nhw ein calonnau a&#8217;n gwedd\u00efau [&hellip;]<\/p>\n","protected":false},"author":90,"featured_media":32559,"parent":0,"menu_order":0,"comment_status":"closed","ping_status":"closed","template":"elementor_header_footer","meta":{"give_campaign_id":0,"footnotes":""},"categories":[],"tags":[],"class_list":["post-32811","page","type-page","status-publish","has-post-thumbnail","hentry"],"campaignId":"","jetpack_sharing_enabled":true,"_links":{"self":[{"href":"https:\/\/theparishtrust.org.uk\/cy\/wp-json\/wp\/v2\/pages\/32811","targetHints":{"allow":["GET"]}}],"collection":[{"href":"https:\/\/theparishtrust.org.uk\/cy\/wp-json\/wp\/v2\/pages"}],"about":[{"href":"https:\/\/theparishtrust.org.uk\/cy\/wp-json\/wp\/v2\/types\/page"}],"author":[{"embeddable":true,"href":"https:\/\/theparishtrust.org.uk\/cy\/wp-json\/wp\/v2\/users\/90"}],"replies":[{"embeddable":true,"href":"https:\/\/theparishtrust.org.uk\/cy\/wp-json\/wp\/v2\/comments?post=32811"}],"version-history":[{"count":0,"href":"https:\/\/theparishtrust.org.uk\/cy\/wp-json\/wp\/v2\/pages\/32811\/revisions"}],"wp:featuredmedia":[{"embeddable":true,"href":"https:\/\/theparishtrust.org.uk\/cy\/wp-json\/wp\/v2\/media\/32559"}],"wp:attachment":[{"href":"https:\/\/theparishtrust.org.uk\/cy\/wp-json\/wp\/v2\/media?parent=32811"}],"wp:term":[{"taxonomy":"category","embeddable":true,"href":"https:\/\/theparishtrust.org.uk\/cy\/wp-json\/wp\/v2\/categories?post=32811"},{"taxonomy":"post_tag","embeddable":true,"href":"https:\/\/theparishtrust.org.uk\/cy\/wp-json\/wp\/v2\/tags?post=32811"}],"curies":[{"name":"wp","href":"https:\/\/api.w.org\/{rel}","templated":true}]}}