{"id":32807,"date":"2022-02-14T10:08:24","date_gmt":"2022-02-14T10:08:24","guid":{"rendered":"https:\/\/theparishtrust.org.uk\/cam\/"},"modified":"2022-06-17T17:58:03","modified_gmt":"2022-06-17T16:58:03","slug":"cam","status":"publish","type":"page","link":"https:\/\/theparishtrust.org.uk\/cy\/cam\/","title":{"rendered":"CAM"},"content":{"rendered":"\t\t<div data-elementor-type=\"wp-page\" data-elementor-id=\"32807\" class=\"elementor elementor-32807 elementor-22572\" data-elementor-post-type=\"page\">\n\t\t\t\t\t\t<section class=\"elementor-section elementor-top-section elementor-element elementor-element-e103851 elementor-section-boxed elementor-section-height-default elementor-section-height-default\" data-id=\"e103851\" data-element_type=\"section\" data-e-type=\"section\">\n\t\t\t\t\t\t<div class=\"elementor-container elementor-column-gap-default\">\n\t\t\t\t\t<div class=\"elementor-column elementor-col-100 elementor-top-column elementor-element elementor-element-317636b\" data-id=\"317636b\" data-element_type=\"column\" data-e-type=\"column\">\n\t\t\t<div class=\"elementor-widget-wrap elementor-element-populated\">\n\t\t\t\t\t\t<div class=\"elementor-element elementor-element-dc44854 elementor-widget elementor-widget-spacer\" data-id=\"dc44854\" data-element_type=\"widget\" data-e-type=\"widget\" data-widget_type=\"spacer.default\">\n\t\t\t\t<div class=\"elementor-widget-container\">\n\t\t\t\t\t\t\t<div class=\"elementor-spacer\">\n\t\t\t<div class=\"elementor-spacer-inner\"><\/div>\n\t\t<\/div>\n\t\t\t\t\t\t<\/div>\n\t\t\t\t<\/div>\n\t\t\t\t<div class=\"elementor-element elementor-element-926c6a6 elementor-widget elementor-widget-heading\" data-id=\"926c6a6\" data-element_type=\"widget\" data-e-type=\"widget\" data-widget_type=\"heading.default\">\n\t\t\t\t<div class=\"elementor-widget-container\">\n\t\t\t\t\t<h2 class=\"elementor-heading-title elementor-size-default\">CAM - Mentora \u00e2 Chymorth Cymunedol<\/h2>\t\t\t\t<\/div>\n\t\t\t\t<\/div>\n\t\t\t\t<section class=\"elementor-section elementor-inner-section elementor-element elementor-element-5747bd8 elementor-section-boxed elementor-section-height-default elementor-section-height-default\" data-id=\"5747bd8\" data-element_type=\"section\" data-e-type=\"section\">\n\t\t\t\t\t\t<div class=\"elementor-container elementor-column-gap-default\">\n\t\t\t\t\t<div class=\"elementor-column elementor-col-50 elementor-inner-column elementor-element elementor-element-f229f86\" data-id=\"f229f86\" data-element_type=\"column\" data-e-type=\"column\">\n\t\t\t<div class=\"elementor-widget-wrap elementor-element-populated\">\n\t\t\t\t\t\t<div class=\"elementor-element elementor-element-193639b elementor-widget elementor-widget-text-editor\" data-id=\"193639b\" data-element_type=\"widget\" data-e-type=\"widget\" data-widget_type=\"text-editor.default\">\n\t\t\t\t<div class=\"elementor-widget-container\">\n\t\t\t\t\t\t\t\t\t<p>CAM&nbsp;<em>(Mentora \u00e2 Chymorth Cymunedol, ond hefyd y Gymraeg ar gyfer &#8220;Cam&#8221;)<\/em>&nbsp; yn derm ymbar\u00e9l ar gyfer amrywiaeth o ddigwyddiadau, clybiau, a chyrsiau y mae Ymddiriedolaeth y Plwyf yn eu cynnal i gyfoethogi a gwella bywydau pobl. Mae&#8217;r dudalen hon yn gweithredu fel cyfeiriadur o bopeth yr ydym yn ei gynnig ar hyn o bryd. Gallwch ddefnyddio&#8217;r hidlydd i ddidoli drwy&#8217;r cyfeiriadur, a chliciwch ar y botymau i ddarganfod mwy am bob digwyddiad, clwb neu gwrs.<\/p>\t\t\t\t\t\t\t\t<\/div>\n\t\t\t\t<\/div>\n\t\t\t\t\t<\/div>\n\t\t<\/div>\n\t\t\t\t<div class=\"elementor-column elementor-col-50 elementor-inner-column elementor-element elementor-element-3c04413\" data-id=\"3c04413\" data-element_type=\"column\" data-e-type=\"column\">\n\t\t\t<div class=\"elementor-widget-wrap elementor-element-populated\">\n\t\t\t\t\t\t<div class=\"elementor-element elementor-element-2b78d45 elementor-widget elementor-widget-image\" data-id=\"2b78d45\" data-element_type=\"widget\" data-e-type=\"widget\" data-widget_type=\"image.default\">\n\t\t\t\t<div class=\"elementor-widget-container\">\n\t\t\t\t\t\t\t\t\t\t\t\t\t\t\t<img decoding=\"async\" src=\"https:\/\/theparishtrust.org.uk\/wp-content\/uploads\/elementor\/thumbs\/CAM-Logo-q58r8oulo3j6hf8y1o712fuerg6kj055e1lmwliwgg.png\" title=\"CAM Logo\" alt=\"CAM Logo\" loading=\"lazy\" \/>\t\t\t\t\t\t\t\t\t\t\t\t\t\t\t<\/div>\n\t\t\t\t<\/div>\n\t\t\t\t\t<\/div>\n\t\t<\/div>\n\t\t\t\t\t<\/div>\n\t\t<\/section>\n\t\t\t\t\t<\/div>\n\t\t<\/div>\n\t\t\t\t\t<\/div>\n\t\t<\/section>\n\t\t\t\t<section class=\"elementor-section elementor-top-section elementor-element elementor-element-06a8066 elementor-section-boxed elementor-section-height-default elementor-section-height-default\" data-id=\"06a8066\" data-element_type=\"section\" data-e-type=\"section\">\n\t\t\t\t\t\t<div class=\"elementor-container elementor-column-gap-default\">\n\t\t\t\t\t<div class=\"elementor-column elementor-col-100 elementor-top-column elementor-element elementor-element-d69ab21\" data-id=\"d69ab21\" data-element_type=\"column\" data-e-type=\"column\">\n\t\t\t<div class=\"elementor-widget-wrap elementor-element-populated\">\n\t\t\t\t\t\t<div class=\"elementor-element elementor-element-3b2dbe1 elementor-widget elementor-widget-spacer\" data-id=\"3b2dbe1\" data-element_type=\"widget\" data-e-type=\"widget\" data-widget_type=\"spacer.default\">\n\t\t\t\t<div class=\"elementor-widget-container\">\n\t\t\t\t\t\t\t<div class=\"elementor-spacer\">\n\t\t\t<div class=\"elementor-spacer-inner\"><\/div>\n\t\t<\/div>\n\t\t\t\t\t\t<\/div>\n\t\t\t\t<\/div>\n\t\t\t\t\t<\/div>\n\t\t<\/div>\n\t\t\t\t\t<\/div>\n\t\t<\/section>\n\t\t\t\t<\/div>\n\t\t","protected":false},"excerpt":{"rendered":"<p>CAM &#8211; Mentora \u00e2 Chymorth Cymunedol CAM&nbsp;(Mentora \u00e2 Chymorth Cymunedol, ond hefyd y Gymraeg ar gyfer &#8220;Cam&#8221;)&nbsp; yn derm ymbar\u00e9l ar gyfer amrywiaeth o ddigwyddiadau, clybiau, a chyrsiau y mae Ymddiriedolaeth y Plwyf yn eu cynnal i gyfoethogi a gwella bywydau pobl. Mae&#8217;r dudalen hon yn gweithredu fel cyfeiriadur o bopeth yr ydym yn ei [&hellip;]<\/p>\n","protected":false},"author":90,"featured_media":0,"parent":0,"menu_order":0,"comment_status":"closed","ping_status":"closed","template":"elementor_header_footer","meta":{"give_campaign_id":0,"footnotes":""},"categories":[],"tags":[],"class_list":["post-32807","page","type-page","status-publish","hentry"],"campaignId":"","jetpack_sharing_enabled":true,"_links":{"self":[{"href":"https:\/\/theparishtrust.org.uk\/cy\/wp-json\/wp\/v2\/pages\/32807","targetHints":{"allow":["GET"]}}],"collection":[{"href":"https:\/\/theparishtrust.org.uk\/cy\/wp-json\/wp\/v2\/pages"}],"about":[{"href":"https:\/\/theparishtrust.org.uk\/cy\/wp-json\/wp\/v2\/types\/page"}],"author":[{"embeddable":true,"href":"https:\/\/theparishtrust.org.uk\/cy\/wp-json\/wp\/v2\/users\/90"}],"replies":[{"embeddable":true,"href":"https:\/\/theparishtrust.org.uk\/cy\/wp-json\/wp\/v2\/comments?post=32807"}],"version-history":[{"count":0,"href":"https:\/\/theparishtrust.org.uk\/cy\/wp-json\/wp\/v2\/pages\/32807\/revisions"}],"wp:attachment":[{"href":"https:\/\/theparishtrust.org.uk\/cy\/wp-json\/wp\/v2\/media?parent=32807"}],"wp:term":[{"taxonomy":"category","embeddable":true,"href":"https:\/\/theparishtrust.org.uk\/cy\/wp-json\/wp\/v2\/categories?post=32807"},{"taxonomy":"post_tag","embeddable":true,"href":"https:\/\/theparishtrust.org.uk\/cy\/wp-json\/wp\/v2\/tags?post=32807"}],"curies":[{"name":"wp","href":"https:\/\/api.w.org\/{rel}","templated":true}]}}