{"id":32790,"date":"2022-02-14T11:56:59","date_gmt":"2022-02-14T11:56:59","guid":{"rendered":"https:\/\/theparishtrust.org.uk\/y-tabl-gemau\/"},"modified":"2024-01-23T08:37:18","modified_gmt":"2024-01-23T08:37:18","slug":"clwb-gemau","status":"publish","type":"page","link":"https:\/\/theparishtrust.org.uk\/cy\/clwb-gemau\/","title":{"rendered":"Clwb Gemau"},"content":{"rendered":"\t\t<div data-elementor-type=\"wp-page\" data-elementor-id=\"32790\" class=\"elementor elementor-32790\" data-elementor-post-type=\"page\">\n\t\t\t\t\t\t<section class=\"elementor-section elementor-top-section elementor-element elementor-element-49ea35d elementor-section-boxed elementor-section-height-default elementor-section-height-default\" data-id=\"49ea35d\" data-element_type=\"section\" data-e-type=\"section\">\n\t\t\t\t\t\t<div class=\"elementor-container elementor-column-gap-default\">\n\t\t\t\t\t<div class=\"elementor-column elementor-col-100 elementor-top-column elementor-element elementor-element-06c53ac\" data-id=\"06c53ac\" data-element_type=\"column\" data-e-type=\"column\">\n\t\t\t<div class=\"elementor-widget-wrap elementor-element-populated\">\n\t\t\t\t\t\t<div class=\"elementor-element elementor-element-cda7110 elementor-widget elementor-widget-spacer\" data-id=\"cda7110\" data-element_type=\"widget\" data-e-type=\"widget\" data-widget_type=\"spacer.default\">\n\t\t\t\t<div class=\"elementor-widget-container\">\n\t\t\t\t\t\t\t<div class=\"elementor-spacer\">\n\t\t\t<div class=\"elementor-spacer-inner\"><\/div>\n\t\t<\/div>\n\t\t\t\t\t\t<\/div>\n\t\t\t\t<\/div>\n\t\t\t\t<div class=\"elementor-element elementor-element-1c53952 elementor-widget elementor-widget-heading\" data-id=\"1c53952\" data-element_type=\"widget\" data-e-type=\"widget\" data-widget_type=\"heading.default\">\n\t\t\t\t<div class=\"elementor-widget-container\">\n\t\t\t\t\t<h2 class=\"elementor-heading-title elementor-size-default\">Clwb Gemau<\/h2>\t\t\t\t<\/div>\n\t\t\t\t<\/div>\n\t\t\t\t<section class=\"elementor-section elementor-inner-section elementor-element elementor-element-770a188 elementor-section-boxed elementor-section-height-default elementor-section-height-default\" data-id=\"770a188\" data-element_type=\"section\" data-e-type=\"section\">\n\t\t\t\t\t\t<div class=\"elementor-container elementor-column-gap-default\">\n\t\t\t\t\t<div class=\"elementor-column elementor-col-50 elementor-inner-column elementor-element elementor-element-f167f8f\" data-id=\"f167f8f\" data-element_type=\"column\" data-e-type=\"column\">\n\t\t\t<div class=\"elementor-widget-wrap elementor-element-populated\">\n\t\t\t\t\t\t<div class=\"elementor-element elementor-element-2490d38 elementor-widget elementor-widget-text-editor\" data-id=\"2490d38\" data-element_type=\"widget\" data-e-type=\"widget\" data-widget_type=\"text-editor.default\">\n\t\t\t\t<div class=\"elementor-widget-container\">\n\t\t\t\t\t\t\t\t\t<p><b>Dydd Mawrth 3:30pm &#8211; 5pm  <\/b><\/p>\n<p><b>Mae Clwb Gemau yn glwb rheolaidd yn ystod y tymor i blant ar brynhawn dydd Mawrth o 3:30pm &#8211; 5pm. Mae croeso i blant o bob oed fynychu ar eu pen eu hunain, neu gyda rhiant\/gwarcheidwad.<\/b><span style=\"font-weight: 400;\"> <\/span><\/p>\n<p dir=\"ltr\" style=\"line-height: 1.38; margin-top: 0pt; margin-bottom: 0pt;\">\n<p><span style=\"font-weight: 400;\">Mae Clwb Gemau yn rhad ac am ddim, ac mae&#8217;n agored i blant o bob oed a rhieni\/gwarcheidwaid gael man ymlaciol, hwyliog i chwarae a sgwrsio ar \u00f4l ysgol. Yn y Clwb Gemau, gall plant ddisgwyl digon o gemau bwrdd sy&#8217;n addas ar gyfer pob gr\u0175p oedran, teganau a chrefftau. Mae croeso i blant h\u0177n gwblhau unrhyw dasgau gwaith cartref am y dydd, gyda\u2019r opsiwn i ddefnyddio un o\u2019n Chromebooks ar gyfer gwaith digidol. Mae croeso i rieni\/gwarcheidwaid eistedd i lawr mewn awyrgylch ymlaciol, cymryd rhan mewn gweithgareddau crefft neu gemau, neu gael paned o de\/coffi a sgwrsio ymysg ei gilydd.  <\/span><\/p>\n\t\t\t\t\t\t\t\t<\/div>\n\t\t\t\t<\/div>\n\t\t\t\t\t<\/div>\n\t\t<\/div>\n\t\t\t\t<div class=\"elementor-column elementor-col-50 elementor-inner-column elementor-element elementor-element-0c470be\" data-id=\"0c470be\" data-element_type=\"column\" data-e-type=\"column\">\n\t\t\t<div class=\"elementor-widget-wrap elementor-element-populated\">\n\t\t\t\t\t\t<div class=\"elementor-element elementor-element-0acb018 elementor-widget elementor-widget-image\" data-id=\"0acb018\" data-element_type=\"widget\" data-e-type=\"widget\" data-widget_type=\"image.default\">\n\t\t\t\t<div class=\"elementor-widget-container\">\n\t\t\t\t\t\t\t\t\t\t\t\t\t\t\t<img fetchpriority=\"high\" decoding=\"async\" width=\"800\" height=\"450\" src=\"https:\/\/theparishtrust.org.uk\/wp-content\/uploads\/2024\/01\/games-club.jpeg\" class=\"attachment-large size-large wp-image-58427\" alt=\"\" srcset=\"https:\/\/theparishtrust.org.uk\/wp-content\/uploads\/2024\/01\/games-club.jpeg 1024w, https:\/\/theparishtrust.org.uk\/wp-content\/uploads\/2024\/01\/games-club-300x169.jpeg 300w, https:\/\/theparishtrust.org.uk\/wp-content\/uploads\/2024\/01\/games-club-768x432.jpeg 768w, https:\/\/theparishtrust.org.uk\/wp-content\/uploads\/2024\/01\/games-club-80x45.jpeg 80w, https:\/\/theparishtrust.org.uk\/wp-content\/uploads\/2024\/01\/games-club-600x338.jpeg 600w\" sizes=\"(max-width: 800px) 100vw, 800px\" \/>\t\t\t\t\t\t\t\t\t\t\t\t\t\t\t<\/div>\n\t\t\t\t<\/div>\n\t\t\t\t\t<\/div>\n\t\t<\/div>\n\t\t\t\t\t<\/div>\n\t\t<\/section>\n\t\t\t\t<div class=\"elementor-element elementor-element-3a85a6b elementor-widget elementor-widget-heading\" data-id=\"3a85a6b\" data-element_type=\"widget\" data-e-type=\"widget\" data-widget_type=\"heading.default\">\n\t\t\t\t<div class=\"elementor-widget-container\">\n\t\t\t\t\t<h5 class=\"elementor-heading-title elementor-size-default\">Digwyddiadau i ddod yn y dyddiau nesaf...<\/h5>\t\t\t\t<\/div>\n\t\t\t\t<\/div>\n\t\t\t\t<div class=\"elementor-element elementor-element-ab28460 elementor-widget elementor-widget-text-editor\" data-id=\"ab28460\" data-element_type=\"widget\" data-e-type=\"widget\" data-widget_type=\"text-editor.default\">\n\t\t\t\t<div class=\"elementor-widget-container\">\n\t\t\t\t\t\t\t\t\t<p><iframe frameborder=\"0\" height=\"400\" scrolling=\"no\" src=\"https:\/\/theparishtrust.charitysuite.com\/embed\/calendar\/events?body_bgcolor=F5F6F7&amp;categories=30&amp;event_bgcolor=FFFFFF&amp;event_border=&amp;featured=NULL&amp;filters_bgcolor=FFFFFF&amp;heading_color=444444&amp;icon_color=BBBBBB&amp;layout=grid-2019&amp;merge=signup_to_sequence&amp;num_results=5&amp;show_categories=0&amp;show_search=0&amp;show_sites=0&amp;text_color=666666\" style=\"border-width:0\" width=\"100%\"><\/iframe><\/p>\n\t\t\t\t\t\t\t\t<\/div>\n\t\t\t\t<\/div>\n\t\t\t\t<div class=\"elementor-element elementor-element-50a6698 elementor-align-center elementor-widget elementor-widget-button\" data-id=\"50a6698\" data-element_type=\"widget\" data-e-type=\"widget\" data-widget_type=\"button.default\">\n\t\t\t\t<div class=\"elementor-widget-container\">\n\t\t\t\t\t\t\t\t\t<div class=\"elementor-button-wrapper\">\n\t\t\t\t\t<a class=\"elementor-button elementor-button-link elementor-size-xl\" href=\"https:\/\/theparishtrust.org.uk\/cy\/calendr\/\">\n\t\t\t\t\t\t<span class=\"elementor-button-content-wrapper\">\n\t\t\t\t\t\t<span class=\"elementor-button-icon\">\n\t\t\t\t<svg aria-hidden=\"true\" class=\"e-font-icon-svg e-fas-calendar-alt\" viewBox=\"0 0 448 512\" xmlns=\"http:\/\/www.w3.org\/2000\/svg\"><path d=\"M0 464c0 26.5 21.5 48 48 48h352c26.5 0 48-21.5 48-48V192H0v272zm320-196c0-6.6 5.4-12 12-12h40c6.6 0 12 5.4 12 12v40c0 6.6-5.4 12-12 12h-40c-6.6 0-12-5.4-12-12v-40zm0 128c0-6.6 5.4-12 12-12h40c6.6 0 12 5.4 12 12v40c0 6.6-5.4 12-12 12h-40c-6.6 0-12-5.4-12-12v-40zM192 268c0-6.6 5.4-12 12-12h40c6.6 0 12 5.4 12 12v40c0 6.6-5.4 12-12 12h-40c-6.6 0-12-5.4-12-12v-40zm0 128c0-6.6 5.4-12 12-12h40c6.6 0 12 5.4 12 12v40c0 6.6-5.4 12-12 12h-40c-6.6 0-12-5.4-12-12v-40zM64 268c0-6.6 5.4-12 12-12h40c6.6 0 12 5.4 12 12v40c0 6.6-5.4 12-12 12H76c-6.6 0-12-5.4-12-12v-40zm0 128c0-6.6 5.4-12 12-12h40c6.6 0 12 5.4 12 12v40c0 6.6-5.4 12-12 12H76c-6.6 0-12-5.4-12-12v-40zM400 64h-48V16c0-8.8-7.2-16-16-16h-32c-8.8 0-16 7.2-16 16v48H160V16c0-8.8-7.2-16-16-16h-32c-8.8 0-16 7.2-16 16v48H48C21.5 64 0 85.5 0 112v48h448v-48c0-26.5-21.5-48-48-48z\"><\/path><\/svg>\t\t\t<\/span>\n\t\t\t\t\t\t\t\t\t<span class=\"elementor-button-text\">Pori'r Calendr Llawn<\/span>\n\t\t\t\t\t<\/span>\n\t\t\t\t\t<\/a>\n\t\t\t\t<\/div>\n\t\t\t\t\t\t\t\t<\/div>\n\t\t\t\t<\/div>\n\t\t\t\t\t<\/div>\n\t\t<\/div>\n\t\t\t\t\t<\/div>\n\t\t<\/section>\n\t\t\t\t<\/div>\n\t\t","protected":false},"excerpt":{"rendered":"<p>Clwb Gemau Dydd Mawrth 3:30pm &#8211; 5pm Mae Clwb Gemau yn glwb rheolaidd yn ystod y tymor i blant ar brynhawn dydd Mawrth o 3:30pm &#8211; 5pm. Mae croeso i blant o bob oed fynychu ar eu pen eu hunain, neu gyda rhiant\/gwarcheidwad. Mae Clwb Gemau yn rhad ac am ddim, ac mae&#8217;n agored i [&hellip;]<\/p>\n","protected":false},"author":90,"featured_media":58427,"parent":0,"menu_order":0,"comment_status":"closed","ping_status":"closed","template":"elementor_header_footer","meta":{"give_campaign_id":0,"footnotes":""},"categories":[381],"tags":[],"class_list":["post-32790","page","type-page","status-publish","has-post-thumbnail","hentry","category-hapchwarae"],"campaignId":"","jetpack_sharing_enabled":true,"_links":{"self":[{"href":"https:\/\/theparishtrust.org.uk\/cy\/wp-json\/wp\/v2\/pages\/32790","targetHints":{"allow":["GET"]}}],"collection":[{"href":"https:\/\/theparishtrust.org.uk\/cy\/wp-json\/wp\/v2\/pages"}],"about":[{"href":"https:\/\/theparishtrust.org.uk\/cy\/wp-json\/wp\/v2\/types\/page"}],"author":[{"embeddable":true,"href":"https:\/\/theparishtrust.org.uk\/cy\/wp-json\/wp\/v2\/users\/90"}],"replies":[{"embeddable":true,"href":"https:\/\/theparishtrust.org.uk\/cy\/wp-json\/wp\/v2\/comments?post=32790"}],"version-history":[{"count":0,"href":"https:\/\/theparishtrust.org.uk\/cy\/wp-json\/wp\/v2\/pages\/32790\/revisions"}],"wp:featuredmedia":[{"embeddable":true,"href":"https:\/\/theparishtrust.org.uk\/cy\/wp-json\/wp\/v2\/media\/58427"}],"wp:attachment":[{"href":"https:\/\/theparishtrust.org.uk\/cy\/wp-json\/wp\/v2\/media?parent=32790"}],"wp:term":[{"taxonomy":"category","embeddable":true,"href":"https:\/\/theparishtrust.org.uk\/cy\/wp-json\/wp\/v2\/categories?post=32790"},{"taxonomy":"post_tag","embeddable":true,"href":"https:\/\/theparishtrust.org.uk\/cy\/wp-json\/wp\/v2\/tags?post=32790"}],"curies":[{"name":"wp","href":"https:\/\/api.w.org\/{rel}","templated":true}]}}